{"id":6298,"date":"2022-04-28T11:12:02","date_gmt":"2022-04-28T08:12:02","guid":{"rendered":"https:\/\/vaivundament.ee\/muugitingimused\/"},"modified":"2022-04-28T11:12:02","modified_gmt":"2022-04-28T08:12:02","slug":"muugitingimused","status":"publish","type":"page","link":"https:\/\/vaivundament.ee\/fi\/muugitingimused\/","title":{"rendered":"M\u00fc\u00fcgitingimused"},"content":{"rendered":"<h2>M\u00dc\u00dcGITINGIMUSED<\/h2>\n<p><strong>1. \u00dcLDS\u00c4TTED<\/strong><br \/>\n1.1 K\u00e4esolevad Vaivundament O\u00dc (edaspidi: m\u00fc\u00fcja) m\u00fc\u00fcgitingimused (edaspidi: tingimused) kehtivad Vaivundament.ee e-poest ostmisel internetiaadressilt <a href=\"https:\/\/vaivundament.ee\/pood\/\">www.vaivundament.ee\/pood<\/a>. Toodete m\u00fc\u00fcja on Vaivundament O\u00dc, Lohu 12, Tallinn, 12618, registrikood: 10744233, telefon: +37256279774, e-post: <a href=\"&#109;&#97;&#x69;l&#116;&#x6f;&#x3a;k&#97;&#x61;&#x72;e&#108;&#x40;v&#97;&#x69;&#x76;u&#110;&#x64;&#x61;m&#101;&#x6e;t&#46;&#x65;&#x65;\">&#x6b;a&#x61;&#114;e&#x6c;&#64;&#x76;&#x61;i&#x76;&#117;n&#x64;&#97;&#x6d;&#101;n&#x74;&#46;e&#x65;<\/a>. Tingimustega reguleeritakse \u00f5igussuhteid, mis tekivad m\u00fc\u00fcja ja Vaivundament O\u00dc toodete ostja (edaspidi: klient) vahel.<br \/>\n1.2 M\u00fc\u00fcjal on \u00f5igus \u00fchepoolselt tingimusi muuta ja t\u00e4iendada, avaldades uued tingimused internetiaadressil <a href=\"https:\/\/vaivundament.ee\/muugitingimused\/\">www.vaivundament.ee\/muugitingimused<\/a>. Kui klient esitab tellimuse enne tingimuste muudatuste j\u00f5ustumist, kohalduvad tellimuse ajal kehtinud tingimused.<br \/>\n1.3 Kliendil on v\u00f5imalik enne tellimuse esitamist tingimused salvestada ja printida.<br \/>\n1.4 Klient n\u00f5ustub Vaivundament O\u00dc tellimuse kinnitamisega tingimustes s\u00e4testatuga.<br \/>\n1.5 Vaivundament O\u00dc veebikeskkonnas olevate toodete piltidel on illustreeriv t\u00e4hendus.<br \/>\n1.6 Tellimus tuleb esitada hiljemalt kella 12.00-ks 1 t\u00f6\u00f6p\u00e4ev enne tellimuse k\u00e4tte saamist.<br \/>\n1.7 Tootmismahu t\u00e4itumisel on m\u00fc\u00fcjal \u00f5igus peatada tellimuste vastuv\u00f5tmine.<\/p>\n<p><strong>2. TELLIMUSE ESITAMINE<\/strong><br \/>\n2.1 Tellimuse vormistamiseks valib klient v\u00e4lja soovitud tooted ja kogused.<br \/>\n2.2 Klient l\u00e4heb \u201eMinu ostukorv\u201c alla ja valib makse- ja tellimuse k\u00e4ttesaamise viisi: kas ise j\u00e4rele tulemisega v\u00f5i kulleriga.<br \/>\n2.3 Klient sisestab oma ees- ja perekonnanime, e-posti aadressi ja telefoninumbri ning postiaadressi juhul, kui see on vajalik kauba kliendile kohale toimetamiseks.<br \/>\n2.4 Klient kontrollib, et tellimuses kajastatud tooted, kogused ja hinnad vastavad kliendi tegelikule soovile ning tasub kogu tellimuse eest valides ise j\u00e4rele tulemise pangalingi kaudu v\u00f5i kauba k\u00e4tte saamisel sularahas. Valides kojuveo teenuse saadetakse kliendile arve toodete ja kullerteenuse eest ning tasumine toimub Vaivundament O\u00dc arveldusarvele.<br \/>\n2.5 P\u00e4rast pangalingiga tasumist tuleb kliendil vajutada nupule \u201eTagasi kaupmehe juurde\u201c.<br \/>\n2.6 M\u00fc\u00fcja saadab e-posti teel kliendile tellimuskinnituse koos tellimuse numbriga ja tarneajaga, mis on vastavalt 1-5 t\u00f6\u00f6p\u00e4eva. Kui klient tellimuse kinnitust ei saanud, tuleb kinnituse saamiseks helistada telefonil +372 56279774.<br \/>\n2.7 Kui klient soovib kinnitatud tellimusest taganeda, siis saab seda teha kuni 3 (kolm) p\u00e4eva enne tellimuse t\u00e4itmise t\u00e4htaega, esitades Vaivundament O\u00dc-le vastavasisulise kirjaliku avalduse. M\u00fc\u00fcja tagastab raha 14 (neljateistk\u00fcmne) p\u00e4eva jooksul. Tagasimakse tehakse kliendi samale arvelduskontole, millelt tellimuse eest tasuti v\u00f5i sularahas, kui tellimuse eest tasuti sularahas, v\u00e4lja arvatud juhul, kui pooled ei lepi kokku teisiti. Sularahamakse tagastamine toimub Vaivundament O\u00dc aadressil Lohu 12, Tallinn, 12618, kui pooled ei lepi kokku teisiti. Hilisemal tellimusest taganemisel ei ole m\u00fc\u00fcjal kohustust raha tagastada.<br \/>\n2.9 Kui m\u00fc\u00fcjal ei ole v\u00f5imalik tellimust t\u00e4ita (kas osaliselt v\u00f5i t\u00e4ielikult), siis v\u00f5tab m\u00fc\u00fcja kliendiga \u00fchendust. T\u00e4itmata tellimuse maksumus tagastatakse 14 (neljateistk\u00fcmne) p\u00e4eva jooksul. Tagasimakse tehakse kliendi samale arvelduskontole, millelt tellimuse eest tasuti v\u00f5i sularahas, kui tellimuse eest tasuti sularahas, v\u00e4lja arvatud juhul, kui pooled ei lepi kokku teisiti. Sularahamakse tagastamine toimub Vaivundament O\u00dc aadressil Lohu 12, Tallinn, 12618, kui pooled ei lepi kokku teisiti.<\/p>\n<p><strong>3. TOOTE HIND JA TASUMINE<\/strong><br \/>\n3.1 Toodete hinnad Vaivundament O\u00dc veebipoes on toodud eurodes ning sisaldavad k\u00e4ibemaksu.<br \/>\n3.2 Toodetele kehtivad ostu tegemise hetkel kuvatud hinnad. Juhul kui m\u00fc\u00fcgihind on toote k\u00e4ttesaamise ajaks muutunud, j\u00e4\u00e4b j\u00f5usse tellimuse vormistamise hetkel kehtinud hind.<br \/>\n3.3 Kliendil on v\u00f5imalik toodete eest tasuda ise j\u00e4rele tulles kas k\u00e4ttesaamisel sularahas v\u00f5i pangalinkidega (Swedbank, SEB, Coop, Luminor ja LHV). Makseid vahendab Maksekeskus AS. Juhul, kui klient valib kojuveo teenuse (s.t ei tule ise tellimusele j\u00e4rele), lisandub kulleri tasu ning toodete ja kojuveo eest tasutakse arve alusel panga\u00fclekandega Vaivundament O\u00dc arveldusarvele.<br \/>\n3.4 Juhul, kui juriidilisest isikust klient soovib ise j\u00e4rele tulles arvet ostu eest tasumiseks, tuleb kirjutada sellekohane taotlus e-posti aadressile <a href=\"&#109;&#x61;&#x69;&#108;&#x74;&#x6f;:&#x6b;&#x61;a&#114;&#x65;l&#64;&#x76;a&#105;&#x76;u&#110;&#x64;a&#109;&#x65;&#x6e;&#116;&#x2e;&#x65;&#101;\">&#x6b;&#97;&#x61;&#x72;e&#x6c;&#64;v&#x61;&#105;v&#x75;&#110;&#x64;&#x61;m&#x65;&#110;t&#x2e;&#101;e<\/a>.<\/p>\n<p><strong>4. TELLIMUSE K\u00c4TTESAAMINE<\/strong><br \/>\n4.1 Tellimuse v\u00f5ib k\u00e4tte saada:<br \/>\n4.1.1 aadressil Lohu 12, Tallinn, 12618;<br \/>\n4.1.2 m\u00e4\u00e4ratud piirkondades kulleriga kliendi poolt n\u00e4idatud aadressile.<br \/>\n4.2 Tellimuse saab klient k\u00e4tte tellimuse kinnituse esitamisel.<br \/>\n4.3 M\u00fc\u00fcja ei vastuta kliendile tekkinud kahju eest, kui m\u00fc\u00fcjast mittetulenevatel p\u00f5hjustel on kolmandad isikud saanud oma valdusse kliendi tellimuse kinnituse andmed ja selle alusel on tellimus k\u00e4tte saadud.<br \/>\n4.4 Tellimuse k\u00e4ttesaamine kulleriga:<br \/>\n4.4.1 M\u00fc\u00fcja pakub kojuveo teenust kulleriga. Teenust pakub koost\u00f6\u00f6partner Autopost Terminal O\u00dc.<br \/>\n4.4.2 Tellimuse k\u00e4ttesaamiseks kulleriga soovitud aadressil, tuleb valida tellimuse vormistamisel m\u00e4\u00e4rata aadress.<br \/>\n4.4.3 Tellimus toimetatakse m\u00e4\u00e4ratud aadressile 1-5 t\u00f6\u00f6p\u00e4eva jooksul.<br \/>\n4.4.4 Klient peab tagama tellimuses m\u00e4rgitud ajal ja aadressil toodete vastuv\u00f5tmise. Juhul, kui klient ei vasta telefonile ja\/v\u00f5i ei taga tellimuse vastuv\u00f5tmist kulleri j\u00f5udmisel kliendi asukohta, loeb m\u00fc\u00fcja, et klient on tellimusest loobunud.<br \/>\n4.4.5 Juhul, kui tellimus j\u00e4\u00e4b \u00f5igeaegselt k\u00e4tte toimetamata m\u00fc\u00fcjast tulenevatel asjaoludel, teavitatakse klienti sellest tellimuses esitatud kontaktandmetel, leppides samas kokku uue k\u00e4tte toimetamise aja.<br \/>\n4.5 Tellimuse kontroll ja toodete kahjustumise v\u00f5i kadumise riski \u00fcleminek:<br \/>\n4.5.1 Tellimuse k\u00e4ttesaamisel on kliendil kohustus koheselt kontrollida tellimuse vastavust arve-saatelehele.<br \/>\n4.5.2 Kui tellimuse k\u00e4ttesaamisel ilmneb, et tellimuse hulgas on mitte tellitud v\u00f5i defektseid tooteid, tuleb sellest koheselt teavitada m\u00fc\u00fcjat. Tellimuse k\u00e4ttesaamisel kulleriga tuleb vastuv\u00f5tmisel avastatud puudustega ja mittetellitud tooted koheselt tagastada kullerile.<br \/>\n4.6 Toodete kahjustumise v\u00f5i kadumise risk l\u00e4heb \u00fcle kliendile k\u00e4ttesaamisest.<\/p>\n<p><strong>5. TAGASTAMISTINGIMUSED<\/strong><br \/>\n5.1 Klient v\u00f5ib Vaivundament O\u00dc e-poe keskkonnas s\u00f5lmitud ostutehingust taganeda 14 p\u00e4eva jooksul alates kauba \u00fcleandmisest kliendile. Taganemis\u00f5iguse kasutamiseks esitab klient 14 p\u00e4eva jooksul kauba k\u00e4ttesaamisest taganemisavalduse e-posti aadressil: <a href=\"m&#97;&#105;&#x6c;&#x74;&#x6f;:k&#97;&#97;&#x72;&#x65;&#x6c;&#64;&#118;&#97;&#105;&#x76;&#x75;&#x6e;d&#97;&#109;&#x65;&#x6e;&#x74;&#46;e&#101;\">&#107;&#x61;&#97;&#x72;&#101;&#x6c;&#64;&#x76;&#97;&#x69;&#118;&#x75;&#110;&#x64;&#97;&#x6d;&#101;&#x6e;&#116;&#x2e;&#101;&#x65;<\/a>. Tagastamisavaldusse tuleb m\u00e4rkida:<br \/>\n\u2022 ees- ja perekonnanimi,<br \/>\n\u2022 e-posti aadress,<br \/>\n\u2022 telefoninumber,<br \/>\n\u2022 tellimuse esitamise kuup\u00e4ev,<br \/>\n\u2022 kauba k\u00e4ttesaamise kuup\u00e4ev,<br \/>\n\u2022 tagastamise p\u00f5hjus,<br \/>\n\u2022 tagastatav summa.<br \/>\n5.2 Tehingust taganemisel tagastab klient ostetud kauba VaivundamentO\u00dc-le viivitamata, kuid mitte hiljem kui 30 p\u00e4eva jooksul.<br \/>\n5.3 Tagastatav toode peab tagastamisel olema t\u00e4pselt samas olukorras, kui see oli kliendile \u00fcleandmise hetkel. Toode ei tohi omada kasutamise tunnuseid, kriimustusi jne.<br \/>\n5.4 Vaivundament O\u00dc kohustub viivitamatult, kuid mitte hiljem kui 30 p\u00e4eva jooksul taganemisavalduse saamisest, tagastama kliendi poolt tasutud summa. Tagasimakse tehakse kliendi samale arvelduskontole, millelt tellimuse eest tasuti v\u00f5i sularahas, kui tellimuse eest tasuti sularahas, v\u00e4lja arvatud juhul, kui pooled ei lepi kokku teisiti. Sularahamakse tagastamine toimub Vaivundament O\u00dc aadressil Lohu 12, Tallinn, 12618, kui pooled ei lepi kokku teisiti.<\/p>\n<p><strong>6. PRETENSIOONIDE ESITAMINE JA VASTUTUS<\/strong><br \/>\n6.1 Juhul, kui m\u00fc\u00fcja oma kohustusi rikub, on kliendil \u00f5igus n\u00f5uda kohustuse t\u00e4itmist, keelduda oma v\u00f5lgnetava kohustuse t\u00e4itmisest, n\u00f5uda kahju h\u00fcvitamist, hinna alandamist, rahalise kohustuse t\u00e4itmisega viivitamisel viivist v\u00f5i taganeda lepingust.<br \/>\n6.2 M\u00fc\u00fcja vastutab ostetud toodetel ilmneva mittevastavuse eest. Klient kohustub m\u00fc\u00fcjat teavitama toodete mittevastavusest koheselt kauba k\u00e4ttesaamisel ja selle avastamisel, aga mitte hiljem kui \u00fche t\u00f6\u00f6p\u00e4eva jooksul.<br \/>\n6.3 Mitten\u00f5uetekohaste toodete korral saab esitada pretensiooni e-posti teel aadressile <a href=\"&#109;&#x61;&#105;&#x6c;&#116;&#x6f;&#58;&#x6b;&#97;&#x61;&#114;&#x65;l&#x40;v&#x61;i&#x76;u&#x6e;d&#x61;m&#101;&#x6e;&#116;&#x2e;&#101;&#x65;\">kaar&#101;&#108;&#64;&#118;&#97;&#105;&#118;&#x75;&#x6e;&#x64;&#x61;&#x6d;&#x65;&#x6e;&#x74;&#x2e;ee<\/a> v\u00f5i telefonil +372 56279774. Pretensioonis tuleb m\u00e4rkida kliendi nimi ja kontaktandmed, pretensiooni esitamise kuup\u00e4ev, tootel ilmnenud puudus ja esitatava n\u00f5ude sisu ning lisada ostu t\u00f5endav dokument.<br \/>\n6.4 M\u00fc\u00fcja ei vastuta tellimuse t\u00e4itmisel kliendi poolt esitatud ebakorrektsetest andmetest tekkiva kahju v\u00f5i mis tahes muude tagaj\u00e4rgede eest, sealhulgas kohale toimetamise viivituse eest, kui see on tingitud asjaoludest, mida m\u00fc\u00fcjal ei olnud v\u00f5imalik m\u00f5jutada.<br \/>\n6.5 M\u00fc\u00fcja ei vastuta tellimuse mittesihip\u00e4rasest kasutamisest v\u00f5i mitten\u00f5uetekohasest hoiustamisest tekkinud kahjude eest.<br \/>\n6.6 M\u00fc\u00fcja ja kliendi vahel tekkivad vaidlused lahendavad pooled l\u00e4bir\u00e4\u00e4kimiste teel. Kokkuleppe mittesaavutamisel on kliendil \u00f5igus p\u00f6\u00f6rduda Tarbijakaitseametisse (Pronksi 12, Tallinn 10117, <a href=\"http:\/\/www.tarbijakaitseamet.ee\" target=\"_blank\" rel=\"noopener\">www.tarbijakaitseamet.ee<\/a>) ja tarbijavaidluste komisjoni (Pronksi 12, Tallinn 10117, <a href=\"http:\/\/www.komisjon.ee\" target=\"_blank\" rel=\"noopener\">www.komisjon.ee<\/a>) vaidluse kohtuv\u00e4liseks lahendamiseks v\u00f5i Harju Maakohtusse. Lisaks on k\u00f5ikidele klientidele avatud e-kauplejatega tekkinud kaebuste lahendamiseks Euroopa Liidu elektrooniline keskkond ODR-platvorm (Online Dispute Resolution ehk veebip\u00f5hine vaidluste lahendamine) aadressil <a href=\"http:\/\/ec.europa.eu\/odr\" target=\"_blank\" rel=\"noopener\">ec.europa.eu\/odr<\/a>.<\/p>\n<p>Vaivundament O\u00dc on isikuandmete vastutav t\u00f6\u00f6tleja ning edastab maksete teostamiseks vajalikud isikuandmed volitatud t\u00f6\u00f6tleja Maksekeskus AS-le ja kojuveo teenuse osutamiseks Autopost Terminal O\u00dc-le.<\/p>\n","protected":false},"excerpt":{"rendered":"<p>M\u00dc\u00dcGITINGIMUSED 1. \u00dcLDS\u00c4TTED 1.1 K\u00e4esolevad Vaivundament O\u00dc (edaspidi: m\u00fc\u00fcja) m\u00fc\u00fcgitingimused (edaspidi: tingimused) kehtivad Vaivundament.ee e-poest ostmisel internetiaadressilt www.vaivundament.ee\/pood. Toodete m\u00fc\u00fcja on Vaivundament O\u00dc, Lohu 12, Tallinn, 12618, registrikood: 10744233, telefon: +37256279774, e-post: &#107;&#x61;&#97;&#x72;&#101;&#x6c;&#64;&#x76;&#97;&#x69;&#118;&#x75;&#110;&#x64;&#97;&#x6d;&#101;&#x6e;&#116;&#x2e;&#101;&#x65;. Tingimustega reguleeritakse \u00f5igussuhteid, mis tekivad m\u00fc\u00fcja ja Vaivundament O\u00dc toodete ostja (edaspidi: klient) vahel. 1.2 M\u00fc\u00fcjal on \u00f5igus \u00fchepoolselt tingimusi muuta ja [&hellip;]<\/p>\n","protected":false},"author":2,"featured_media":0,"parent":0,"menu_order":0,"comment_status":"closed","ping_status":"closed","template":"","meta":{"footnotes":""},"class_list":["post-6298","page","type-page","status-publish","hentry"],"yoast_head":"<!-- This site is optimized with the Yoast SEO plugin v27.1.1 - https:\/\/yoast.com\/product\/yoast-seo-wordpress\/ -->\n<title>M\u00fc\u00fcgitingimused - Vaivundament<\/title>\n<meta name=\"robots\" content=\"index, follow, max-snippet:-1, max-image-preview:large, max-video-preview:-1\" \/>\n<link rel=\"canonical\" href=\"https:\/\/vaivundament.ee\/fi\/muugitingimused\/\" \/>\n<meta property=\"og:locale\" content=\"fi_FI\" \/>\n<meta property=\"og:type\" content=\"article\" \/>\n<meta property=\"og:title\" content=\"M\u00fc\u00fcgitingimused - Vaivundament\" \/>\n<meta property=\"og:description\" content=\"M\u00dc\u00dcGITINGIMUSED 1. \u00dcLDS\u00c4TTED 1.1 K\u00e4esolevad Vaivundament O\u00dc (edaspidi: m\u00fc\u00fcja) m\u00fc\u00fcgitingimused (edaspidi: tingimused) kehtivad Vaivundament.ee e-poest ostmisel internetiaadressilt www.vaivundament.ee\/pood. Toodete m\u00fc\u00fcja on Vaivundament O\u00dc, Lohu 12, Tallinn, 12618, registrikood: 10744233, telefon: +37256279774, e-post: &#x6b;a&#x61;&#114;e&#x6c;&#064;&#x76;&#x61;i&#x76;&#117;n&#x64;&#097;&#x6d;&#101;n&#x74;&#046;e&#x65;. Tingimustega reguleeritakse \u00f5igussuhteid, mis tekivad m\u00fc\u00fcja ja Vaivundament O\u00dc toodete ostja (edaspidi: klient) vahel. 1.2 M\u00fc\u00fcjal on \u00f5igus \u00fchepoolselt tingimusi muuta ja [&hellip;]\" \/>\n<meta property=\"og:url\" content=\"https:\/\/vaivundament.ee\/fi\/muugitingimused\/\" \/>\n<meta property=\"og:site_name\" content=\"Vaivundament\" \/>\n<meta name=\"twitter:card\" content=\"summary_large_image\" \/>\n<meta name=\"twitter:label1\" content=\"Arvioitu lukuaika\" \/>\n\t<meta name=\"twitter:data1\" content=\"6 minuuttia\" \/>\n<script type=\"application\/ld+json\" class=\"yoast-schema-graph\">{\"@context\":\"https:\/\/schema.org\",\"@graph\":[{\"@type\":\"WebPage\",\"@id\":\"https:\/\/vaivundament.ee\/fi\/muugitingimused\/\",\"url\":\"https:\/\/vaivundament.ee\/fi\/muugitingimused\/\",\"name\":\"M\u00fc\u00fcgitingimused - Vaivundament\",\"isPartOf\":{\"@id\":\"https:\/\/vaivundament.ee\/#website\"},\"datePublished\":\"2022-04-28T08:12:02+00:00\",\"breadcrumb\":{\"@id\":\"https:\/\/vaivundament.ee\/fi\/muugitingimused\/#breadcrumb\"},\"inLanguage\":\"fi\",\"potentialAction\":[{\"@type\":\"ReadAction\",\"target\":[\"https:\/\/vaivundament.ee\/fi\/muugitingimused\/\"]}]},{\"@type\":\"BreadcrumbList\",\"@id\":\"https:\/\/vaivundament.ee\/fi\/muugitingimused\/#breadcrumb\",\"itemListElement\":[{\"@type\":\"ListItem\",\"position\":1,\"name\":\"Home\",\"item\":\"https:\/\/vaivundament.ee\/vaivundament-ou\/\"},{\"@type\":\"ListItem\",\"position\":2,\"name\":\"M\u00fc\u00fcgitingimused\"}]},{\"@type\":\"WebSite\",\"@id\":\"https:\/\/vaivundament.ee\/#website\",\"url\":\"https:\/\/vaivundament.ee\/\",\"name\":\"Vaivundament\",\"description\":\"Eesti juhtiv terasvaiade tootmise ja s\u00fcvistamisega tegelev ettev\u00f5te. Kogemused aastast 2001.\",\"publisher\":{\"@id\":\"https:\/\/vaivundament.ee\/#organization\"},\"potentialAction\":[{\"@type\":\"SearchAction\",\"target\":{\"@type\":\"EntryPoint\",\"urlTemplate\":\"https:\/\/vaivundament.ee\/?s={search_term_string}\"},\"query-input\":{\"@type\":\"PropertyValueSpecification\",\"valueRequired\":true,\"valueName\":\"search_term_string\"}}],\"inLanguage\":\"fi\"},{\"@type\":\"Organization\",\"@id\":\"https:\/\/vaivundament.ee\/#organization\",\"name\":\"Vaivundament\",\"url\":\"https:\/\/vaivundament.ee\/\",\"logo\":{\"@type\":\"ImageObject\",\"inLanguage\":\"fi\",\"@id\":\"https:\/\/vaivundament.ee\/#\/schema\/logo\/image\/\",\"url\":\"https:\/\/vaivundament.ee\/wp-content\/uploads\/2023\/03\/logo-color_1.png\",\"contentUrl\":\"https:\/\/vaivundament.ee\/wp-content\/uploads\/2023\/03\/logo-color_1.png\",\"width\":480,\"height\":360,\"caption\":\"Vaivundament\"},\"image\":{\"@id\":\"https:\/\/vaivundament.ee\/#\/schema\/logo\/image\/\"}}]}<\/script>\n<!-- \/ Yoast SEO plugin. -->","yoast_head_json":{"title":"M\u00fc\u00fcgitingimused - Vaivundament","robots":{"index":"index","follow":"follow","max-snippet":"max-snippet:-1","max-image-preview":"max-image-preview:large","max-video-preview":"max-video-preview:-1"},"canonical":"https:\/\/vaivundament.ee\/fi\/muugitingimused\/","og_locale":"fi_FI","og_type":"article","og_title":"M\u00fc\u00fcgitingimused - Vaivundament","og_description":"M\u00dc\u00dcGITINGIMUSED 1. \u00dcLDS\u00c4TTED 1.1 K\u00e4esolevad Vaivundament O\u00dc (edaspidi: m\u00fc\u00fcja) m\u00fc\u00fcgitingimused (edaspidi: tingimused) kehtivad Vaivundament.ee e-poest ostmisel internetiaadressilt www.vaivundament.ee\/pood. Toodete m\u00fc\u00fcja on Vaivundament O\u00dc, Lohu 12, Tallinn, 12618, registrikood: 10744233, telefon: +37256279774, e-post: &#x6b;a&#x61;&#114;e&#x6c;&#64;&#x76;&#x61;i&#x76;&#117;n&#x64;&#97;&#x6d;&#101;n&#x74;&#46;e&#x65;. Tingimustega reguleeritakse \u00f5igussuhteid, mis tekivad m\u00fc\u00fcja ja Vaivundament O\u00dc toodete ostja (edaspidi: klient) vahel. 1.2 M\u00fc\u00fcjal on \u00f5igus \u00fchepoolselt tingimusi muuta ja [&hellip;]","og_url":"https:\/\/vaivundament.ee\/fi\/muugitingimused\/","og_site_name":"Vaivundament","twitter_card":"summary_large_image","twitter_misc":{"Arvioitu lukuaika":"6 minuuttia"},"schema":{"@context":"https:\/\/schema.org","@graph":[{"@type":"WebPage","@id":"https:\/\/vaivundament.ee\/fi\/muugitingimused\/","url":"https:\/\/vaivundament.ee\/fi\/muugitingimused\/","name":"M\u00fc\u00fcgitingimused - Vaivundament","isPartOf":{"@id":"https:\/\/vaivundament.ee\/#website"},"datePublished":"2022-04-28T08:12:02+00:00","breadcrumb":{"@id":"https:\/\/vaivundament.ee\/fi\/muugitingimused\/#breadcrumb"},"inLanguage":"fi","potentialAction":[{"@type":"ReadAction","target":["https:\/\/vaivundament.ee\/fi\/muugitingimused\/"]}]},{"@type":"BreadcrumbList","@id":"https:\/\/vaivundament.ee\/fi\/muugitingimused\/#breadcrumb","itemListElement":[{"@type":"ListItem","position":1,"name":"Home","item":"https:\/\/vaivundament.ee\/vaivundament-ou\/"},{"@type":"ListItem","position":2,"name":"M\u00fc\u00fcgitingimused"}]},{"@type":"WebSite","@id":"https:\/\/vaivundament.ee\/#website","url":"https:\/\/vaivundament.ee\/","name":"Vaivundament","description":"Eesti juhtiv terasvaiade tootmise ja s\u00fcvistamisega tegelev ettev\u00f5te. Kogemused aastast 2001.","publisher":{"@id":"https:\/\/vaivundament.ee\/#organization"},"potentialAction":[{"@type":"SearchAction","target":{"@type":"EntryPoint","urlTemplate":"https:\/\/vaivundament.ee\/?s={search_term_string}"},"query-input":{"@type":"PropertyValueSpecification","valueRequired":true,"valueName":"search_term_string"}}],"inLanguage":"fi"},{"@type":"Organization","@id":"https:\/\/vaivundament.ee\/#organization","name":"Vaivundament","url":"https:\/\/vaivundament.ee\/","logo":{"@type":"ImageObject","inLanguage":"fi","@id":"https:\/\/vaivundament.ee\/#\/schema\/logo\/image\/","url":"https:\/\/vaivundament.ee\/wp-content\/uploads\/2023\/03\/logo-color_1.png","contentUrl":"https:\/\/vaivundament.ee\/wp-content\/uploads\/2023\/03\/logo-color_1.png","width":480,"height":360,"caption":"Vaivundament"},"image":{"@id":"https:\/\/vaivundament.ee\/#\/schema\/logo\/image\/"}}]}},"_links":{"self":[{"href":"https:\/\/vaivundament.ee\/fi\/wp-json\/wp\/v2\/pages\/6298","targetHints":{"allow":["GET"]}}],"collection":[{"href":"https:\/\/vaivundament.ee\/fi\/wp-json\/wp\/v2\/pages"}],"about":[{"href":"https:\/\/vaivundament.ee\/fi\/wp-json\/wp\/v2\/types\/page"}],"author":[{"embeddable":true,"href":"https:\/\/vaivundament.ee\/fi\/wp-json\/wp\/v2\/users\/2"}],"replies":[{"embeddable":true,"href":"https:\/\/vaivundament.ee\/fi\/wp-json\/wp\/v2\/comments?post=6298"}],"version-history":[{"count":1,"href":"https:\/\/vaivundament.ee\/fi\/wp-json\/wp\/v2\/pages\/6298\/revisions"}],"predecessor-version":[{"id":6314,"href":"https:\/\/vaivundament.ee\/fi\/wp-json\/wp\/v2\/pages\/6298\/revisions\/6314"}],"wp:attachment":[{"href":"https:\/\/vaivundament.ee\/fi\/wp-json\/wp\/v2\/media?parent=6298"}],"curies":[{"name":"wp","href":"https:\/\/api.w.org\/{rel}","templated":true}]}}