{"id":6231,"date":"2020-11-26T06:14:01","date_gmt":"2020-11-26T04:14:01","guid":{"rendered":"https:\/\/vaivundament.ee\/kruvivai-kv150\/"},"modified":"2020-11-26T06:14:01","modified_gmt":"2020-11-26T04:14:01","slug":"kruvivai-kv150","status":"publish","type":"page","link":"https:\/\/vaivundament.ee\/fi\/kruvivai-kv150\/","title":{"rendered":"Kruvivai KV150"},"content":{"rendered":"<div id='av-layout-grid-1'  class='av-layout-grid-container entry-content-wrapper main_color av-fixed-cells     avia-builder-el-0  el_before_av_section  avia-builder-el-first  container_wrap fullsize' style=' '  >\n<div class=\"flex_cell no_margin av_one_fourth  avia-builder-el-1  el_before_av_cell_one_fourth  avia-builder-el-first   \"  style='background: #2073b2; vertical-align:top; padding:9px 0px 0px 0px ; background-color:#2073b2; ' ><div class='flex_cell_inner' ><\/div><\/div><div class=\"flex_cell no_margin av_one_fourth  avia-builder-el-2  el_after_av_cell_one_fourth  el_before_av_cell_one_fourth   \"  style='vertical-align:top; padding:9px 0px 0px 0px ; background-color:#2388c2; ' ><div class='flex_cell_inner' ><\/div><\/div><div class=\"flex_cell no_margin av_one_fourth  avia-builder-el-3  el_after_av_cell_one_fourth  el_before_av_cell_one_fourth   \"  style='background: #379cd6; vertical-align:top; padding:9px 0px 0px 0px ; background-color:#379cd6; ' ><div class='flex_cell_inner' ><\/div><\/div><div class=\"flex_cell no_margin av_one_fourth  avia-builder-el-4  el_after_av_cell_one_fourth  avia-builder-el-last   \"  style='vertical-align:top; padding:9px 0px 0px 0px ; background-color:#5fb4e4; ' ><div class='flex_cell_inner' ><\/div><\/div>\n<\/div>\n<div id='av_section_1'  class='avia-section main_color avia-section-default avia-no-border-styling  avia-bg-style-scroll  avia-builder-el-5  el_after_av_layout_row  avia-builder-el-last   container_wrap fullsize' style=' '  ><div class='container' ><div class='template-page content  av-content-full alpha units'><div class='post-entry post-entry-type-page post-entry-6231'><div class='entry-content-wrapper clearfix'>\n<div class=\"flex_column av_three_fifth  av-animated-generic bottom-to-top  flex_column_div av-zero-column-padding first  avia-builder-el-6  el_before_av_two_fifth  avia-builder-el-first  \" style='border-radius:0px; '><p><div  style='padding-bottom:20px; ' class='av-special-heading av-special-heading-h1  blockquote modern-quote  avia-builder-el-7  el_before_av_textblock  avia-builder-el-first  '><h1 class='av-special-heading-tag '  itemprop=\"headline\"  >Kruvivai KV150<\/h1><div class='special-heading-border'><div class='special-heading-inner-border' ><\/div><\/div><\/div><br \/>\n<section class=\"av_textblock_section \"  itemscope=\"itemscope\" itemtype=\"https:\/\/schema.org\/CreativeWork\" ><div class='avia_textblock  '   itemprop=\"text\" ><p>K\u00e4sitsi s\u00fcvistatavaid kruvivaiu oleme pakkunud juba \u00fcle 10 aasta ning selle ajaga on toodetud ja s\u00fcvistatud tuhandeid kruvivaiu.<br \/>\nKruvivaiad sobivad ideaalselt v\u00e4iksemate ehitiste kiireks ja h\u00f5lpsaks vundamentimiseks, n\u00e4iteks: terrassid, kuurid, aiamajad, kasvuhooned, jne.<\/p>\n<p>V\u00f5imalikku k\u00fclmakerget v\u00e4listatakse keermelaba s\u00fcvistamisega alla k\u00fclmumispiiri (ca 1m).<br \/>\nVaia ligikaudne kandev\u00f5ime rajamiss\u00fcgavusel 1,5m on 0,5-1,5 tonni.<br \/>\nOma ehituselt on vai sobiv ka ankurdamiseks- vai on vastuv\u00f5tlik ka t\u00f5mbekandev\u00f5imele.<\/p>\n<p>Vaiad on kuumtsingitud ning omavad CE-m\u00e4rgist.<\/p>\n<p>Vaiade sidumise lahenduse ehitisega soovitame vastavalt ehitise t\u00fc\u00fcbile &#8211; erinevaid lahendusi on k\u00fcmneid.<\/p>\n<p>Vaia pikkus on 1500mm, keermelaba D150mm, vaiat\u00fcve seinapaksus 3mm, keermelaba paksus 5mm.<\/p>\n<p>Vajadusel pakume tellija soovile vastavaid pikkuseid.<\/p>\n<p>NB! K\u00dcSI KA MEIEPOOLSET PAIGALDUST!<\/p>\n<\/div><\/section><\/p><\/div><div class=\"flex_column av_two_fifth  av-animated-generic bottom-to-top  flex_column_div av-zero-column-padding   avia-builder-el-9  el_after_av_three_fifth  avia-builder-el-last  \" style='border-radius:0px; '><p><div  class='avia-image-container  av-styling-    avia-builder-el-10  el_before_av_image  avia-builder-el-first  avia-align-center '  itemprop=\"image\" itemscope=\"itemscope\" itemtype=\"https:\/\/schema.org\/ImageObject\"  ><div class='avia-image-container-inner'><div class='avia-image-overlay-wrap'><a href='https:\/\/vaivundament.ee\/wp-content\/uploads\/2021\/03\/IMG_2857-773x1030.jpg' class='avia_image'  ><img decoding=\"async\" width=\"225\" height=\"300\" class='wp-image-6105 avia-img-lazy-loading-not-6105 avia_image' src=\"https:\/\/vaivundament.ee\/wp-content\/uploads\/2021\/03\/IMG_2857-225x300.jpg\" alt='' title='IMG_2857'  itemprop=\"thumbnailUrl\" srcset=\"https:\/\/vaivundament.ee\/wp-content\/uploads\/2021\/03\/IMG_2857-225x300.jpg 225w, https:\/\/vaivundament.ee\/wp-content\/uploads\/2021\/03\/IMG_2857-600x800.jpg 600w, https:\/\/vaivundament.ee\/wp-content\/uploads\/2021\/03\/IMG_2857-773x1030.jpg 773w, https:\/\/vaivundament.ee\/wp-content\/uploads\/2021\/03\/IMG_2857-768x1024.jpg 768w, https:\/\/vaivundament.ee\/wp-content\/uploads\/2021\/03\/IMG_2857-1152x1536.jpg 1152w, https:\/\/vaivundament.ee\/wp-content\/uploads\/2021\/03\/IMG_2857-1536x2048.jpg 1536w, https:\/\/vaivundament.ee\/wp-content\/uploads\/2021\/03\/IMG_2857-1125x1500.jpg 1125w, https:\/\/vaivundament.ee\/wp-content\/uploads\/2021\/03\/IMG_2857-529x705.jpg 529w, https:\/\/vaivundament.ee\/wp-content\/uploads\/2021\/03\/IMG_2857.jpg 1200w\" sizes=\"(max-width: 225px) 100vw, 225px\" \/><\/a><\/div><\/div><\/div><br \/>\n<div  class='avia-image-container  av-styling-    avia-builder-el-11  el_after_av_image  el_before_av_image  avia-align-center '  itemprop=\"image\" itemscope=\"itemscope\" itemtype=\"https:\/\/schema.org\/ImageObject\"  ><div class='avia-image-container-inner'><div class='avia-image-overlay-wrap'><a href='https:\/\/vaivundament.ee\/wp-content\/uploads\/2021\/09\/IMG_4304-1030x773.jpg' class='avia_image'  ><img decoding=\"async\" width=\"300\" height=\"225\" class='wp-image-6125 avia-img-lazy-loading-not-6125 avia_image' src=\"https:\/\/vaivundament.ee\/wp-content\/uploads\/2021\/09\/IMG_4304-300x225.jpg\" alt='' title='IMG_4304'  itemprop=\"thumbnailUrl\" srcset=\"https:\/\/vaivundament.ee\/wp-content\/uploads\/2021\/09\/IMG_4304-300x225.jpg 300w, https:\/\/vaivundament.ee\/wp-content\/uploads\/2021\/09\/IMG_4304-600x450.jpg 600w, https:\/\/vaivundament.ee\/wp-content\/uploads\/2021\/09\/IMG_4304-1030x773.jpg 1030w, https:\/\/vaivundament.ee\/wp-content\/uploads\/2021\/09\/IMG_4304-768x576.jpg 768w, https:\/\/vaivundament.ee\/wp-content\/uploads\/2021\/09\/IMG_4304-1536x1152.jpg 1536w, https:\/\/vaivundament.ee\/wp-content\/uploads\/2021\/09\/IMG_4304-2048x1536.jpg 2048w, https:\/\/vaivundament.ee\/wp-content\/uploads\/2021\/09\/IMG_4304-1500x1125.jpg 1500w, https:\/\/vaivundament.ee\/wp-content\/uploads\/2021\/09\/IMG_4304-705x529.jpg 705w, https:\/\/vaivundament.ee\/wp-content\/uploads\/2021\/09\/IMG_4304.jpg 1600w\" sizes=\"(max-width: 300px) 100vw, 300px\" \/><\/a><\/div><\/div><\/div><br \/>\n<div  class='avia-image-container  av-styling-    avia-builder-el-12  el_after_av_image  el_before_av_image  avia-align-center '  itemprop=\"image\" itemscope=\"itemscope\" itemtype=\"https:\/\/schema.org\/ImageObject\"  ><div class='avia-image-container-inner'><div class='avia-image-overlay-wrap'><a href='https:\/\/vaivundament.ee\/wp-content\/uploads\/2021\/09\/IMG_4741-1030x773.jpg' class='avia_image'  ><img decoding=\"async\" width=\"300\" height=\"225\" class='wp-image-6123 avia-img-lazy-loading-not-6123 avia_image' src=\"https:\/\/vaivundament.ee\/wp-content\/uploads\/2021\/09\/IMG_4741-300x225.jpg\" alt='' title='IMG_4741'  itemprop=\"thumbnailUrl\" srcset=\"https:\/\/vaivundament.ee\/wp-content\/uploads\/2021\/09\/IMG_4741-300x225.jpg 300w, https:\/\/vaivundament.ee\/wp-content\/uploads\/2021\/09\/IMG_4741-600x450.jpg 600w, https:\/\/vaivundament.ee\/wp-content\/uploads\/2021\/09\/IMG_4741-1030x773.jpg 1030w, https:\/\/vaivundament.ee\/wp-content\/uploads\/2021\/09\/IMG_4741-768x576.jpg 768w, https:\/\/vaivundament.ee\/wp-content\/uploads\/2021\/09\/IMG_4741-1536x1152.jpg 1536w, https:\/\/vaivundament.ee\/wp-content\/uploads\/2021\/09\/IMG_4741-2048x1536.jpg 2048w, https:\/\/vaivundament.ee\/wp-content\/uploads\/2021\/09\/IMG_4741-1500x1125.jpg 1500w, https:\/\/vaivundament.ee\/wp-content\/uploads\/2021\/09\/IMG_4741-705x529.jpg 705w, https:\/\/vaivundament.ee\/wp-content\/uploads\/2021\/09\/IMG_4741.jpg 1600w\" sizes=\"(max-width: 300px) 100vw, 300px\" \/><\/a><\/div><\/div><\/div><br \/>\n<div  class='avia-image-container  av-styling-    avia-builder-el-13  el_after_av_image  avia-builder-el-last  avia-align-center '  itemprop=\"image\" itemscope=\"itemscope\" itemtype=\"https:\/\/schema.org\/ImageObject\"  ><div class='avia-image-container-inner'><div class='avia-image-overlay-wrap'><a href='https:\/\/vaivundament.ee\/wp-content\/uploads\/2021\/09\/IMG_4302-547x1030.jpg' class='avia_image'  ><img decoding=\"async\" width=\"547\" height=\"1030\" class='wp-image-6127 avia-img-lazy-loading-not-6127 avia_image' src=\"https:\/\/vaivundament.ee\/wp-content\/uploads\/2021\/09\/IMG_4302-547x1030.jpg\" alt='' title='K\u00fcsi meilt ka masinat!'  itemprop=\"thumbnailUrl\" srcset=\"https:\/\/vaivundament.ee\/wp-content\/uploads\/2021\/09\/IMG_4302-547x1030.jpg 547w, https:\/\/vaivundament.ee\/wp-content\/uploads\/2021\/09\/IMG_4302-600x1131.jpg 600w, https:\/\/vaivundament.ee\/wp-content\/uploads\/2021\/09\/IMG_4302-159x300.jpg 159w, https:\/\/vaivundament.ee\/wp-content\/uploads\/2021\/09\/IMG_4302-768x1447.jpg 768w, https:\/\/vaivundament.ee\/wp-content\/uploads\/2021\/09\/IMG_4302-815x1536.jpg 815w, https:\/\/vaivundament.ee\/wp-content\/uploads\/2021\/09\/IMG_4302-796x1500.jpg 796w, https:\/\/vaivundament.ee\/wp-content\/uploads\/2021\/09\/IMG_4302-374x705.jpg 374w, https:\/\/vaivundament.ee\/wp-content\/uploads\/2021\/09\/IMG_4302.jpg 849w\" sizes=\"(max-width: 547px) 100vw, 547px\" \/><\/a><\/div><\/div><\/div><\/p><\/div>\n","protected":false},"excerpt":{"rendered":"","protected":false},"author":1,"featured_media":0,"parent":0,"menu_order":0,"comment_status":"closed","ping_status":"closed","template":"","meta":{"footnotes":""},"class_list":["post-6231","page","type-page","status-publish","hentry"],"yoast_head":"<!-- This site is optimized with the Yoast SEO plugin v27.1.1 - https:\/\/yoast.com\/product\/yoast-seo-wordpress\/ -->\n<title>Kruvivai KV150 - Vaivundament<\/title>\n<meta name=\"robots\" content=\"index, follow, max-snippet:-1, max-image-preview:large, max-video-preview:-1\" \/>\n<link rel=\"canonical\" href=\"https:\/\/vaivundament.ee\/fi\/kruvivai-kv150\/\" \/>\n<meta property=\"og:locale\" content=\"fi_FI\" \/>\n<meta property=\"og:type\" content=\"article\" \/>\n<meta property=\"og:title\" content=\"Kruvivai KV150 - Vaivundament\" \/>\n<meta property=\"og:url\" content=\"https:\/\/vaivundament.ee\/fi\/kruvivai-kv150\/\" \/>\n<meta property=\"og:site_name\" content=\"Vaivundament\" \/>\n<meta name=\"twitter:card\" content=\"summary_large_image\" \/>\n<meta name=\"twitter:label1\" content=\"Arvioitu lukuaika\" \/>\n\t<meta name=\"twitter:data1\" content=\"5 minuuttia\" \/>\n<script type=\"application\/ld+json\" class=\"yoast-schema-graph\">{\"@context\":\"https:\/\/schema.org\",\"@graph\":[{\"@type\":\"WebPage\",\"@id\":\"https:\/\/vaivundament.ee\/fi\/kruvivai-kv150\/\",\"url\":\"https:\/\/vaivundament.ee\/fi\/kruvivai-kv150\/\",\"name\":\"Kruvivai KV150 - Vaivundament\",\"isPartOf\":{\"@id\":\"https:\/\/vaivundament.ee\/#website\"},\"datePublished\":\"2020-11-26T04:14:01+00:00\",\"breadcrumb\":{\"@id\":\"https:\/\/vaivundament.ee\/fi\/kruvivai-kv150\/#breadcrumb\"},\"inLanguage\":\"fi\",\"potentialAction\":[{\"@type\":\"ReadAction\",\"target\":[\"https:\/\/vaivundament.ee\/fi\/kruvivai-kv150\/\"]}]},{\"@type\":\"BreadcrumbList\",\"@id\":\"https:\/\/vaivundament.ee\/fi\/kruvivai-kv150\/#breadcrumb\",\"itemListElement\":[{\"@type\":\"ListItem\",\"position\":1,\"name\":\"Home\",\"item\":\"https:\/\/vaivundament.ee\/vaivundament-ou\/\"},{\"@type\":\"ListItem\",\"position\":2,\"name\":\"Kruvivai KV150\"}]},{\"@type\":\"WebSite\",\"@id\":\"https:\/\/vaivundament.ee\/#website\",\"url\":\"https:\/\/vaivundament.ee\/\",\"name\":\"Vaivundament\",\"description\":\"Eesti juhtiv terasvaiade tootmise ja s\u00fcvistamisega tegelev ettev\u00f5te. Kogemused aastast 2001.\",\"publisher\":{\"@id\":\"https:\/\/vaivundament.ee\/#organization\"},\"potentialAction\":[{\"@type\":\"SearchAction\",\"target\":{\"@type\":\"EntryPoint\",\"urlTemplate\":\"https:\/\/vaivundament.ee\/?s={search_term_string}\"},\"query-input\":{\"@type\":\"PropertyValueSpecification\",\"valueRequired\":true,\"valueName\":\"search_term_string\"}}],\"inLanguage\":\"fi\"},{\"@type\":\"Organization\",\"@id\":\"https:\/\/vaivundament.ee\/#organization\",\"name\":\"Vaivundament\",\"url\":\"https:\/\/vaivundament.ee\/\",\"logo\":{\"@type\":\"ImageObject\",\"inLanguage\":\"fi\",\"@id\":\"https:\/\/vaivundament.ee\/#\/schema\/logo\/image\/\",\"url\":\"https:\/\/vaivundament.ee\/wp-content\/uploads\/2023\/03\/logo-color_1.png\",\"contentUrl\":\"https:\/\/vaivundament.ee\/wp-content\/uploads\/2023\/03\/logo-color_1.png\",\"width\":480,\"height\":360,\"caption\":\"Vaivundament\"},\"image\":{\"@id\":\"https:\/\/vaivundament.ee\/#\/schema\/logo\/image\/\"}}]}<\/script>\n<!-- \/ Yoast SEO plugin. -->","yoast_head_json":{"title":"Kruvivai KV150 - Vaivundament","robots":{"index":"index","follow":"follow","max-snippet":"max-snippet:-1","max-image-preview":"max-image-preview:large","max-video-preview":"max-video-preview:-1"},"canonical":"https:\/\/vaivundament.ee\/fi\/kruvivai-kv150\/","og_locale":"fi_FI","og_type":"article","og_title":"Kruvivai KV150 - Vaivundament","og_url":"https:\/\/vaivundament.ee\/fi\/kruvivai-kv150\/","og_site_name":"Vaivundament","twitter_card":"summary_large_image","twitter_misc":{"Arvioitu lukuaika":"5 minuuttia"},"schema":{"@context":"https:\/\/schema.org","@graph":[{"@type":"WebPage","@id":"https:\/\/vaivundament.ee\/fi\/kruvivai-kv150\/","url":"https:\/\/vaivundament.ee\/fi\/kruvivai-kv150\/","name":"Kruvivai KV150 - Vaivundament","isPartOf":{"@id":"https:\/\/vaivundament.ee\/#website"},"datePublished":"2020-11-26T04:14:01+00:00","breadcrumb":{"@id":"https:\/\/vaivundament.ee\/fi\/kruvivai-kv150\/#breadcrumb"},"inLanguage":"fi","potentialAction":[{"@type":"ReadAction","target":["https:\/\/vaivundament.ee\/fi\/kruvivai-kv150\/"]}]},{"@type":"BreadcrumbList","@id":"https:\/\/vaivundament.ee\/fi\/kruvivai-kv150\/#breadcrumb","itemListElement":[{"@type":"ListItem","position":1,"name":"Home","item":"https:\/\/vaivundament.ee\/vaivundament-ou\/"},{"@type":"ListItem","position":2,"name":"Kruvivai KV150"}]},{"@type":"WebSite","@id":"https:\/\/vaivundament.ee\/#website","url":"https:\/\/vaivundament.ee\/","name":"Vaivundament","description":"Eesti juhtiv terasvaiade tootmise ja s\u00fcvistamisega tegelev ettev\u00f5te. Kogemused aastast 2001.","publisher":{"@id":"https:\/\/vaivundament.ee\/#organization"},"potentialAction":[{"@type":"SearchAction","target":{"@type":"EntryPoint","urlTemplate":"https:\/\/vaivundament.ee\/?s={search_term_string}"},"query-input":{"@type":"PropertyValueSpecification","valueRequired":true,"valueName":"search_term_string"}}],"inLanguage":"fi"},{"@type":"Organization","@id":"https:\/\/vaivundament.ee\/#organization","name":"Vaivundament","url":"https:\/\/vaivundament.ee\/","logo":{"@type":"ImageObject","inLanguage":"fi","@id":"https:\/\/vaivundament.ee\/#\/schema\/logo\/image\/","url":"https:\/\/vaivundament.ee\/wp-content\/uploads\/2023\/03\/logo-color_1.png","contentUrl":"https:\/\/vaivundament.ee\/wp-content\/uploads\/2023\/03\/logo-color_1.png","width":480,"height":360,"caption":"Vaivundament"},"image":{"@id":"https:\/\/vaivundament.ee\/#\/schema\/logo\/image\/"}}]}},"_links":{"self":[{"href":"https:\/\/vaivundament.ee\/fi\/wp-json\/wp\/v2\/pages\/6231","targetHints":{"allow":["GET"]}}],"collection":[{"href":"https:\/\/vaivundament.ee\/fi\/wp-json\/wp\/v2\/pages"}],"about":[{"href":"https:\/\/vaivundament.ee\/fi\/wp-json\/wp\/v2\/types\/page"}],"author":[{"embeddable":true,"href":"https:\/\/vaivundament.ee\/fi\/wp-json\/wp\/v2\/users\/1"}],"replies":[{"embeddable":true,"href":"https:\/\/vaivundament.ee\/fi\/wp-json\/wp\/v2\/comments?post=6231"}],"version-history":[{"count":1,"href":"https:\/\/vaivundament.ee\/fi\/wp-json\/wp\/v2\/pages\/6231\/revisions"}],"predecessor-version":[{"id":6233,"href":"https:\/\/vaivundament.ee\/fi\/wp-json\/wp\/v2\/pages\/6231\/revisions\/6233"}],"wp:attachment":[{"href":"https:\/\/vaivundament.ee\/fi\/wp-json\/wp\/v2\/media?parent=6231"}],"curies":[{"name":"wp","href":"https:\/\/api.w.org\/{rel}","templated":true}]}}