{"id":6174,"date":"2022-04-28T10:04:09","date_gmt":"2022-04-28T07:04:09","guid":{"rendered":"https:\/\/vaivundament.ee\/isikuandmete-tootlemine\/"},"modified":"2022-04-28T10:04:09","modified_gmt":"2022-04-28T07:04:09","slug":"isikuandmete-tootlemine","status":"publish","type":"page","link":"https:\/\/vaivundament.ee\/fi\/isikuandmete-tootlemine\/","title":{"rendered":"Isikuandmete t\u00f6\u00f6tlemine"},"content":{"rendered":"<section class=\"av_textblock_section \">\n<div class=\"avia_textblock \"><strong>1. ISIKUANDMETE T\u00d6\u00d6TLEMINE<\/strong><br \/>\n1.1 Veebipoe isikuandmete vastutav t\u00f6\u00f6tleja on Vaivundament O\u00dc (10744233), Lohu 12, Tallinn, 12618, <a href=\"&#109;&#x61;&#x69;l&#116;&#x6f;:&#107;&#x61;a&#114;&#x65;l&#64;&#x76;&#x61;&#105;&#x76;&#x75;n&#100;&#x61;m&#101;&#x6e;t&#46;&#x65;&#x65;\">&#107;&#x61;a&#x72;&#x65;&#108;&#x40;v&#x61;&#x69;&#118;&#x75;n&#x64;&#x61;&#109;&#x65;n&#x74;&#x2e;&#101;&#x65;<\/a>. Vaivundament O\u00dc t\u00f6\u00f6tleb andmesubjektide isikuandmeid vastavalt isikuandmete t\u00f6\u00f6tlemise suhtes kohaldatavates \u00f5igusaktides s\u00e4testatud p\u00f5him\u00f5tetele.<br \/>\n1.2 Isikuandmed on andmed, mis tuvastavad v\u00f5i v\u00f5imaldavad tuvastada isiku, n\u00e4iteks isiku nimi ja kontaktandmed. Isikuandmete t\u00f6\u00f6tlemine on igasugune isikuandmetega tehtav toiming s\u00f5ltumata selle teostamise viisist ja kasutatavatest vahenditest. N\u00e4iteks isikuandmete kogumine, salvestamine, korrastamine, s\u00e4ilitamine, muutmine, kasutamine, edastamine, ristkasutamine, \u00fchendamine, kustutamine v\u00f5i h\u00e4vitamine v\u00f5i mitu eelnimetatud toimingut.<br \/>\n1.3 Rakendame k\u00f5iki ettevaatusabin\u00f5usid isikuandmete kaitsmiseks. Juurdep\u00e4\u00e4s andmete t\u00f6\u00f6tlemiseks on ainult selleks volitatud inimestel. Isikuandmete volitatud t\u00f6\u00f6tleja on f\u00fc\u00fcsiline v\u00f5i juriidiline isik, avaliku v\u00f5imu kandja, asutus v\u00f5i muu organisatsioon, kes t\u00f6\u00f6tleb isikuandmeid vastutava t\u00f6\u00f6tleja (Vaivundament O\u00dc) nimel. Vaivundament O\u00dc on isikuandmete vastutav t\u00f6\u00f6tleja, kes edastab maksete teostamiseks vajalikud isikuandmed volitatud t\u00f6\u00f6tleja Maksekeskus AS-ile ja kojuveo teenuse osutamiseks Autopost Terminal O\u00dc-le.<\/p>\n<p><strong>2. ISIKUANDMETE T\u00d6\u00d6TLEMISE EESM\u00c4RK<\/strong><br \/>\n2.1 Vaivundament O\u00dc t\u00f6\u00f6tleb isikuandmeid selleks, et t\u00e4ita organisatsiooni eesm\u00e4rke ning v\u00f5imaldada kliendile tellitud toote k\u00e4ttetoimetamine.<br \/>\n2.2 Isikuandmete kogumisel klientidelt piirdume minimaalse vajalikuga. Kogume j\u00e4rgmisi isikuandmeid:<br \/>\n\u2022 kontaktandmed (ees- ja perekonnanimi, ettev\u00f5te, postiaadress, telefoninumber, e-posti aadress),<br \/>\n\u2022 veebi identifikaatorid (n\u00e4iteks kui k\u00fclastate meie veebilehti, s\u00e4ilib teie kasutatud seadme IP-aadress),<br \/>\n\u2022 muu kliendisuhtluses teatavaks tulnud info.<br \/>\nKogutud isikuandmeid kasutame:<br \/>\n\u2022 arvete koostamiseks ja v\u00e4ljastamiseks,<br \/>\n\u2022 kliendile toodete kohta info saatmiseks,<br \/>\n\u2022 toodete k\u00e4ttetoimetamiseks,<br \/>\n\u2022 kodulehe kasutajamugavuse suurendamiseks.<\/p>\n<p><strong>3. ISIKUANDMETE S\u00c4ILITUSAJAD<\/strong><br \/>\n3.1 Vaivundament O\u00dc s\u00e4ilitab andmeid vaid seni, kuni see on vajalik t\u00f6\u00f6tlemise eesm\u00e4rgi saavutamiseks v\u00f5i seadusest tulenevate n\u00f5uete aegumist\u00e4htaegade saabumiseni ja seadusest tuleneva dokumendi s\u00e4ilitust\u00e4htaja saabumiseni. Eri andmete puhul t\u00e4hendab see erinevaid s\u00e4ilitust\u00e4htaegasid. N\u00e4iteks:<br \/>\n\u2022 klientide kontaktandmeid s\u00e4ilitame kuni kolm aastat,<br \/>\n\u2022 raamatupidamiseks vajalikke isikuandmeid s\u00e4ilitame l\u00e4htuvalt seadusest 7 aastat.<\/p>\n<p><strong>4. ANDMESUBJEKTI \u00d5IGUSED<\/strong><br \/>\n4.1 Teie kui andmesubjekti \u00f5igused on j\u00e4rgmised:<br \/>\n\u2022 Juurdep\u00e4\u00e4s isikuandmetele, mida Vaivundament O\u00dc teie kohta t\u00f6\u00f6tleb, v\u00f5i kinnitus selle kohta, et teie isikuandmeid ei t\u00f6\u00f6delda.<br \/>\n\u2022 Andmete parandamine v\u00f5i t\u00e4iendamine, kui teie isikuandmed ei ole ajakohased, on valed v\u00f5i vajavad parandamist.<br \/>\n\u2022 Andmete kustutamine. Teatud juhtudel ja soovi korral saate kasutada \u00f5igust olla unustatud. Me kustutame teie andmed, v\u00e4lja arvatud juhul, kui esineb m\u00f5ni muu \u00f5iguslik alus isikuandmete t\u00f6\u00f6tlemiseks.<\/div>\n<p><strong>5. PRIVAATSUSPOLIITIKA TINGIMUSED JA MUUDATUSED<\/strong><br \/>\n5.1 Meil on \u00f5igus vajaduse korral muuta oma privaatsuspoliitika p\u00f5him\u00f5tteid. Sellest teavitame k\u00f5iki p\u00fcsikliente, samuti avaldame info muudatuste kohta oma ettev\u00f5tte veebilehel.<\/div>\n<p><strong>6. RAKENDUSS\u00c4TE<\/strong><br \/>\n6.1 Isikuandmete vastutav t\u00f6\u00f6tleja on Vaivundament O\u00dc. K\u00f5ikide k\u00fcsimuste ja ettepanekute korral v\u00f5tke \u00fchendust aadressil meiliaadress <a href=\"mai&#108;&#116;&#111;&#58;&#x6b;&#x61;&#x61;&#x72;&#x65;&#x6c;&#x40;vai&#118;&#117;&#110;&#100;&#97;&#x6d;&#x65;&#x6e;&#x74;&#x2e;&#x65;e\">&#x6b;&#x61;&#97;&#114;e&#x6c;&#x40;&#x76;&#97;&#105;v&#x75;&#x6e;&#x64;&#97;&#109;e&#x6e;&#x74;&#x2e;&#101;&#101;<\/a>. Teil on \u00f5igus esitada kaebus isikuandmete t\u00f6\u00f6tlemise kohta Andmekaitse Inspektsioonile.<\/div>\n<\/section>\n","protected":false},"excerpt":{"rendered":"<p>1. ISIKUANDMETE T\u00d6\u00d6TLEMINE 1.1 Veebipoe isikuandmete vastutav t\u00f6\u00f6tleja on Vaivundament O\u00dc (10744233), Lohu 12, Tallinn, 12618, &#x6b;a&#x61;&#114;&#x65;&#x6c;&#64;&#x76;&#97;&#x69;&#x76;u&#x6e;&#100;&#x61;&#x6d;e&#x6e;&#116;&#x2e;&#x65;e. Vaivundament O\u00dc t\u00f6\u00f6tleb andmesubjektide isikuandmeid vastavalt isikuandmete t\u00f6\u00f6tlemise suhtes kohaldatavates \u00f5igusaktides s\u00e4testatud p\u00f5him\u00f5tetele. 1.2 Isikuandmed on andmed, mis tuvastavad v\u00f5i v\u00f5imaldavad tuvastada isiku, n\u00e4iteks isiku nimi ja kontaktandmed. Isikuandmete t\u00f6\u00f6tlemine on igasugune isikuandmetega tehtav toiming s\u00f5ltumata selle teostamise [&hellip;]<\/p>\n","protected":false},"author":2,"featured_media":0,"parent":0,"menu_order":0,"comment_status":"closed","ping_status":"closed","template":"","meta":{"footnotes":""},"class_list":["post-6174","page","type-page","status-publish","hentry"],"yoast_head":"<!-- This site is optimized with the Yoast SEO plugin v27.1.1 - https:\/\/yoast.com\/product\/yoast-seo-wordpress\/ -->\n<title>Isikuandmete t\u00f6\u00f6tlemine - Vaivundament<\/title>\n<meta name=\"robots\" content=\"index, follow, max-snippet:-1, max-image-preview:large, max-video-preview:-1\" \/>\n<link rel=\"canonical\" href=\"https:\/\/vaivundament.ee\/fi\/isikuandmete-tootlemine\/\" \/>\n<meta property=\"og:locale\" content=\"fi_FI\" \/>\n<meta property=\"og:type\" content=\"article\" \/>\n<meta property=\"og:title\" content=\"Isikuandmete t\u00f6\u00f6tlemine - Vaivundament\" \/>\n<meta property=\"og:description\" content=\"1. ISIKUANDMETE T\u00d6\u00d6TLEMINE 1.1 Veebipoe isikuandmete vastutav t\u00f6\u00f6tleja on Vaivundament O\u00dc (10744233), Lohu 12, Tallinn, 12618, k&#097;&#x61;&#x72;e&#108;&#x40;&#x76;a&#105;&#118;&#x75;&#x6e;d&#097;&#x6d;&#x65;n&#116;&#x2e;&#x65;e. Vaivundament O\u00dc t\u00f6\u00f6tleb andmesubjektide isikuandmeid vastavalt isikuandmete t\u00f6\u00f6tlemise suhtes kohaldatavates \u00f5igusaktides s\u00e4testatud p\u00f5him\u00f5tetele. 1.2 Isikuandmed on andmed, mis tuvastavad v\u00f5i v\u00f5imaldavad tuvastada isiku, n\u00e4iteks isiku nimi ja kontaktandmed. Isikuandmete t\u00f6\u00f6tlemine on igasugune isikuandmetega tehtav toiming s\u00f5ltumata selle teostamise [&hellip;]\" \/>\n<meta property=\"og:url\" content=\"https:\/\/vaivundament.ee\/fi\/isikuandmete-tootlemine\/\" \/>\n<meta property=\"og:site_name\" content=\"Vaivundament\" \/>\n<meta name=\"twitter:card\" content=\"summary_large_image\" \/>\n<meta name=\"twitter:label1\" content=\"Arvioitu lukuaika\" \/>\n\t<meta name=\"twitter:data1\" content=\"2 minuuttia\" \/>\n<script type=\"application\/ld+json\" class=\"yoast-schema-graph\">{\"@context\":\"https:\/\/schema.org\",\"@graph\":[{\"@type\":\"WebPage\",\"@id\":\"https:\/\/vaivundament.ee\/fi\/isikuandmete-tootlemine\/\",\"url\":\"https:\/\/vaivundament.ee\/fi\/isikuandmete-tootlemine\/\",\"name\":\"Isikuandmete t\u00f6\u00f6tlemine - Vaivundament\",\"isPartOf\":{\"@id\":\"https:\/\/vaivundament.ee\/#website\"},\"datePublished\":\"2022-04-28T07:04:09+00:00\",\"breadcrumb\":{\"@id\":\"https:\/\/vaivundament.ee\/fi\/isikuandmete-tootlemine\/#breadcrumb\"},\"inLanguage\":\"fi\",\"potentialAction\":[{\"@type\":\"ReadAction\",\"target\":[\"https:\/\/vaivundament.ee\/fi\/isikuandmete-tootlemine\/\"]}]},{\"@type\":\"BreadcrumbList\",\"@id\":\"https:\/\/vaivundament.ee\/fi\/isikuandmete-tootlemine\/#breadcrumb\",\"itemListElement\":[{\"@type\":\"ListItem\",\"position\":1,\"name\":\"Home\",\"item\":\"https:\/\/vaivundament.ee\/vaivundament-ou\/\"},{\"@type\":\"ListItem\",\"position\":2,\"name\":\"Isikuandmete t\u00f6\u00f6tlemine\"}]},{\"@type\":\"WebSite\",\"@id\":\"https:\/\/vaivundament.ee\/#website\",\"url\":\"https:\/\/vaivundament.ee\/\",\"name\":\"Vaivundament\",\"description\":\"Eesti juhtiv terasvaiade tootmise ja s\u00fcvistamisega tegelev ettev\u00f5te. Kogemused aastast 2001.\",\"publisher\":{\"@id\":\"https:\/\/vaivundament.ee\/#organization\"},\"potentialAction\":[{\"@type\":\"SearchAction\",\"target\":{\"@type\":\"EntryPoint\",\"urlTemplate\":\"https:\/\/vaivundament.ee\/?s={search_term_string}\"},\"query-input\":{\"@type\":\"PropertyValueSpecification\",\"valueRequired\":true,\"valueName\":\"search_term_string\"}}],\"inLanguage\":\"fi\"},{\"@type\":\"Organization\",\"@id\":\"https:\/\/vaivundament.ee\/#organization\",\"name\":\"Vaivundament\",\"url\":\"https:\/\/vaivundament.ee\/\",\"logo\":{\"@type\":\"ImageObject\",\"inLanguage\":\"fi\",\"@id\":\"https:\/\/vaivundament.ee\/#\/schema\/logo\/image\/\",\"url\":\"https:\/\/vaivundament.ee\/wp-content\/uploads\/2023\/03\/logo-color_1.png\",\"contentUrl\":\"https:\/\/vaivundament.ee\/wp-content\/uploads\/2023\/03\/logo-color_1.png\",\"width\":480,\"height\":360,\"caption\":\"Vaivundament\"},\"image\":{\"@id\":\"https:\/\/vaivundament.ee\/#\/schema\/logo\/image\/\"}}]}<\/script>\n<!-- \/ Yoast SEO plugin. -->","yoast_head_json":{"title":"Isikuandmete t\u00f6\u00f6tlemine - Vaivundament","robots":{"index":"index","follow":"follow","max-snippet":"max-snippet:-1","max-image-preview":"max-image-preview:large","max-video-preview":"max-video-preview:-1"},"canonical":"https:\/\/vaivundament.ee\/fi\/isikuandmete-tootlemine\/","og_locale":"fi_FI","og_type":"article","og_title":"Isikuandmete t\u00f6\u00f6tlemine - Vaivundament","og_description":"1. ISIKUANDMETE T\u00d6\u00d6TLEMINE 1.1 Veebipoe isikuandmete vastutav t\u00f6\u00f6tleja on Vaivundament O\u00dc (10744233), Lohu 12, Tallinn, 12618, k&#97;&#x61;&#x72;e&#108;&#x40;&#x76;a&#105;&#118;&#x75;&#x6e;d&#97;&#x6d;&#x65;n&#116;&#x2e;&#x65;e. Vaivundament O\u00dc t\u00f6\u00f6tleb andmesubjektide isikuandmeid vastavalt isikuandmete t\u00f6\u00f6tlemise suhtes kohaldatavates \u00f5igusaktides s\u00e4testatud p\u00f5him\u00f5tetele. 1.2 Isikuandmed on andmed, mis tuvastavad v\u00f5i v\u00f5imaldavad tuvastada isiku, n\u00e4iteks isiku nimi ja kontaktandmed. Isikuandmete t\u00f6\u00f6tlemine on igasugune isikuandmetega tehtav toiming s\u00f5ltumata selle teostamise [&hellip;]","og_url":"https:\/\/vaivundament.ee\/fi\/isikuandmete-tootlemine\/","og_site_name":"Vaivundament","twitter_card":"summary_large_image","twitter_misc":{"Arvioitu lukuaika":"2 minuuttia"},"schema":{"@context":"https:\/\/schema.org","@graph":[{"@type":"WebPage","@id":"https:\/\/vaivundament.ee\/fi\/isikuandmete-tootlemine\/","url":"https:\/\/vaivundament.ee\/fi\/isikuandmete-tootlemine\/","name":"Isikuandmete t\u00f6\u00f6tlemine - Vaivundament","isPartOf":{"@id":"https:\/\/vaivundament.ee\/#website"},"datePublished":"2022-04-28T07:04:09+00:00","breadcrumb":{"@id":"https:\/\/vaivundament.ee\/fi\/isikuandmete-tootlemine\/#breadcrumb"},"inLanguage":"fi","potentialAction":[{"@type":"ReadAction","target":["https:\/\/vaivundament.ee\/fi\/isikuandmete-tootlemine\/"]}]},{"@type":"BreadcrumbList","@id":"https:\/\/vaivundament.ee\/fi\/isikuandmete-tootlemine\/#breadcrumb","itemListElement":[{"@type":"ListItem","position":1,"name":"Home","item":"https:\/\/vaivundament.ee\/vaivundament-ou\/"},{"@type":"ListItem","position":2,"name":"Isikuandmete t\u00f6\u00f6tlemine"}]},{"@type":"WebSite","@id":"https:\/\/vaivundament.ee\/#website","url":"https:\/\/vaivundament.ee\/","name":"Vaivundament","description":"Eesti juhtiv terasvaiade tootmise ja s\u00fcvistamisega tegelev ettev\u00f5te. Kogemused aastast 2001.","publisher":{"@id":"https:\/\/vaivundament.ee\/#organization"},"potentialAction":[{"@type":"SearchAction","target":{"@type":"EntryPoint","urlTemplate":"https:\/\/vaivundament.ee\/?s={search_term_string}"},"query-input":{"@type":"PropertyValueSpecification","valueRequired":true,"valueName":"search_term_string"}}],"inLanguage":"fi"},{"@type":"Organization","@id":"https:\/\/vaivundament.ee\/#organization","name":"Vaivundament","url":"https:\/\/vaivundament.ee\/","logo":{"@type":"ImageObject","inLanguage":"fi","@id":"https:\/\/vaivundament.ee\/#\/schema\/logo\/image\/","url":"https:\/\/vaivundament.ee\/wp-content\/uploads\/2023\/03\/logo-color_1.png","contentUrl":"https:\/\/vaivundament.ee\/wp-content\/uploads\/2023\/03\/logo-color_1.png","width":480,"height":360,"caption":"Vaivundament"},"image":{"@id":"https:\/\/vaivundament.ee\/#\/schema\/logo\/image\/"}}]}},"_links":{"self":[{"href":"https:\/\/vaivundament.ee\/fi\/wp-json\/wp\/v2\/pages\/6174","targetHints":{"allow":["GET"]}}],"collection":[{"href":"https:\/\/vaivundament.ee\/fi\/wp-json\/wp\/v2\/pages"}],"about":[{"href":"https:\/\/vaivundament.ee\/fi\/wp-json\/wp\/v2\/types\/page"}],"author":[{"embeddable":true,"href":"https:\/\/vaivundament.ee\/fi\/wp-json\/wp\/v2\/users\/2"}],"replies":[{"embeddable":true,"href":"https:\/\/vaivundament.ee\/fi\/wp-json\/wp\/v2\/comments?post=6174"}],"version-history":[{"count":1,"href":"https:\/\/vaivundament.ee\/fi\/wp-json\/wp\/v2\/pages\/6174\/revisions"}],"predecessor-version":[{"id":6176,"href":"https:\/\/vaivundament.ee\/fi\/wp-json\/wp\/v2\/pages\/6174\/revisions\/6176"}],"wp:attachment":[{"href":"https:\/\/vaivundament.ee\/fi\/wp-json\/wp\/v2\/media?parent=6174"}],"curies":[{"name":"wp","href":"https:\/\/api.w.org\/{rel}","templated":true}]}}