{"id":6274,"date":"2020-11-26T06:31:03","date_gmt":"2020-11-26T04:31:03","guid":{"rendered":"https:\/\/vaivundament.ee\/teenused\/"},"modified":"2025-07-22T10:05:47","modified_gmt":"2025-07-22T07:05:47","slug":"teenused","status":"publish","type":"page","link":"https:\/\/vaivundament.ee\/en\/teenused\/","title":{"rendered":"Teenused"},"content":{"rendered":"<div id='av-layout-grid-1'  class='av-layout-grid-container entry-content-wrapper main_color av-fixed-cells     avia-builder-el-0  el_before_av_section  avia-builder-el-first  container_wrap fullsize' style=' '  >\n<div class=\"flex_cell no_margin av_one_fourth  avia-builder-el-1  el_before_av_cell_one_fourth  avia-builder-el-first   \"  style='background: #2073b2; vertical-align:top; padding:9px 0px 0px 0px ; background-color:#2073b2; ' ><div class='flex_cell_inner' ><\/div><\/div><div class=\"flex_cell no_margin av_one_fourth  avia-builder-el-2  el_after_av_cell_one_fourth  el_before_av_cell_one_fourth   \"  style='vertical-align:top; padding:9px 0px 0px 0px ; background-color:#2388c2; ' ><div class='flex_cell_inner' ><\/div><\/div><div class=\"flex_cell no_margin av_one_fourth  avia-builder-el-3  el_after_av_cell_one_fourth  el_before_av_cell_one_fourth   \"  style='background: #379cd6; vertical-align:top; padding:9px 0px 0px 0px ; background-color:#379cd6; ' ><div class='flex_cell_inner' ><\/div><\/div><div class=\"flex_cell no_margin av_one_fourth  avia-builder-el-4  el_after_av_cell_one_fourth  avia-builder-el-last   \"  style='vertical-align:top; padding:9px 0px 0px 0px ; background-color:#5fb4e4; ' ><div class='flex_cell_inner' ><\/div><\/div>\n<\/div>\n<div id='av_section_1'  class='avia-section main_color avia-section-default avia-no-border-styling  avia-bg-style-scroll  avia-builder-el-5  el_after_av_layout_row  avia-builder-el-last   container_wrap fullsize' style=' '  ><div class='container' ><div class='template-page content  av-content-full alpha units'><div class='post-entry post-entry-type-page post-entry-6274'><div class='entry-content-wrapper clearfix'>\n<div class=\"flex_column av_three_fifth  av-animated-generic bottom-to-top  flex_column_div av-zero-column-padding first  avia-builder-el-6  el_before_av_two_fifth  avia-builder-el-first  \" style='border-radius:0px; '><p><div  style='padding-bottom:20px; ' class='av-special-heading av-special-heading-h2  blockquote modern-quote  avia-builder-el-7  el_before_av_textblock  avia-builder-el-first  '><h2 class='av-special-heading-tag '  itemprop=\"headline\"  >Teenused<\/h2><div class='special-heading-border'><div class='special-heading-inner-border' ><\/div><\/div><\/div><br \/>\n<section class=\"av_textblock_section \"  itemscope=\"itemscope\" itemtype=\"https:\/\/schema.org\/CreativeWork\" ><div class='avia_textblock  '   itemprop=\"text\" ><ul>\n<li>Proovivaiamised geoloogiliste tingimuste t\u00e4psustamiseks;<\/li>\n<li>Sobiva vaiat\u00fc\u00fcbi ja vaiaparameetrite valik;<\/li>\n<li>Terasvaiade s\u00fcvistamine;<\/li>\n<li>T\u00e4itebetooniga terasvaiade s\u00fcvistamine;<\/li>\n<li>Kruvivaiade s\u00fcvistamine;<\/li>\n<li>&#8220;S\u00f5durisein&#8221; t\u00fc\u00fcpi tugiseinte s\u00fcvistamine<\/li>\n<li>Vaiade sidumiss\u00f5lmed rostv\u00e4rgiga;<\/li>\n<li>Terasrostv\u00e4rkide ehitamine;<\/li>\n<li>D\u00fcnaamilised kandev\u00f5ime katsed;<\/li>\n<li>Kaevet\u00f6\u00f6d ja pinnase koorimist\u00f6\u00f6d;<\/li>\n<li>Kopplaaduri ja ekskavaatori rent juhiga.<\/li>\n<\/ul>\n<\/div><\/section><\/p><\/div><div class=\"flex_column av_two_fifth  av-animated-generic bottom-to-top  flex_column_div av-zero-column-padding   avia-builder-el-9  el_after_av_three_fifth  el_before_av_two_fifth  \" style='border-radius:0px; '><div  class='avia-image-container  av-styling-    avia-builder-el-10  avia-builder-el-no-sibling  avia-align-center '  itemprop=\"image\" itemscope=\"itemscope\" itemtype=\"https:\/\/schema.org\/ImageObject\"  ><div class='avia-image-container-inner'><div class='avia-image-overlay-wrap'><img decoding=\"async\" class='wp-image-6475 avia-img-lazy-loading-not-6475 avia_image' src=\"https:\/\/vaivundament.ee\/wp-content\/uploads\/2023\/05\/IMG_9386-1030x773.jpg\" alt='' title='IMG_9386' height=\"773\" width=\"1030\"  itemprop=\"thumbnailUrl\" srcset=\"https:\/\/vaivundament.ee\/wp-content\/uploads\/2023\/05\/IMG_9386-1030x773.jpg 1030w, https:\/\/vaivundament.ee\/wp-content\/uploads\/2023\/05\/IMG_9386-300x225.jpg 300w, https:\/\/vaivundament.ee\/wp-content\/uploads\/2023\/05\/IMG_9386-768x576.jpg 768w, https:\/\/vaivundament.ee\/wp-content\/uploads\/2023\/05\/IMG_9386-1536x1152.jpg 1536w, https:\/\/vaivundament.ee\/wp-content\/uploads\/2023\/05\/IMG_9386-2048x1536.jpg 2048w, https:\/\/vaivundament.ee\/wp-content\/uploads\/2023\/05\/IMG_9386-1500x1125.jpg 1500w, https:\/\/vaivundament.ee\/wp-content\/uploads\/2023\/05\/IMG_9386-705x529.jpg 705w, https:\/\/vaivundament.ee\/wp-content\/uploads\/2023\/05\/IMG_9386-450x338.jpg 450w, https:\/\/vaivundament.ee\/wp-content\/uploads\/2023\/05\/IMG_9386-600x450.jpg 600w, https:\/\/vaivundament.ee\/wp-content\/uploads\/2023\/05\/IMG_9386.jpg 1600w\" sizes=\"(max-width: 1030px) 100vw, 1030px\" \/><\/div><\/div><\/div><\/div><div class=\"flex_column av_two_fifth  av-animated-generic bottom-to-top  flex_column_div av-zero-column-padding first  avia-builder-el-11  el_after_av_two_fifth  el_before_av_three_fifth  \" style='border-radius:0px; '><div  class='avia-image-container  av-styling-    avia-builder-el-12  avia-builder-el-no-sibling  avia-align-center '  itemprop=\"image\" itemscope=\"itemscope\" itemtype=\"https:\/\/schema.org\/ImageObject\"  ><div class='avia-image-container-inner'><div class='avia-image-overlay-wrap'><img decoding=\"async\" class='wp-image-6557 avia-img-lazy-loading-not-6557 avia_image' src=\"https:\/\/vaivundament.ee\/wp-content\/uploads\/2025\/07\/att.o3Wkhbioor_PSSsLqX6llR0LddOuG3EfT-UJD6NuOnA-773x1030.jpg\" alt='&quot;S\u00f5durisein&quot;' title='att.o3Wkhbioor_PSSsLqX6llR0LddOuG3EfT-UJD6NuOnA' height=\"1030\" width=\"773\"  itemprop=\"thumbnailUrl\" srcset=\"https:\/\/vaivundament.ee\/wp-content\/uploads\/2025\/07\/att.o3Wkhbioor_PSSsLqX6llR0LddOuG3EfT-UJD6NuOnA-773x1030.jpg 773w, https:\/\/vaivundament.ee\/wp-content\/uploads\/2025\/07\/att.o3Wkhbioor_PSSsLqX6llR0LddOuG3EfT-UJD6NuOnA-225x300.jpg 225w, https:\/\/vaivundament.ee\/wp-content\/uploads\/2025\/07\/att.o3Wkhbioor_PSSsLqX6llR0LddOuG3EfT-UJD6NuOnA-768x1024.jpg 768w, https:\/\/vaivundament.ee\/wp-content\/uploads\/2025\/07\/att.o3Wkhbioor_PSSsLqX6llR0LddOuG3EfT-UJD6NuOnA-1152x1536.jpg 1152w, https:\/\/vaivundament.ee\/wp-content\/uploads\/2025\/07\/att.o3Wkhbioor_PSSsLqX6llR0LddOuG3EfT-UJD6NuOnA-1125x1500.jpg 1125w, https:\/\/vaivundament.ee\/wp-content\/uploads\/2025\/07\/att.o3Wkhbioor_PSSsLqX6llR0LddOuG3EfT-UJD6NuOnA-529x705.jpg 529w, https:\/\/vaivundament.ee\/wp-content\/uploads\/2025\/07\/att.o3Wkhbioor_PSSsLqX6llR0LddOuG3EfT-UJD6NuOnA-450x600.jpg 450w, https:\/\/vaivundament.ee\/wp-content\/uploads\/2025\/07\/att.o3Wkhbioor_PSSsLqX6llR0LddOuG3EfT-UJD6NuOnA-600x800.jpg 600w, https:\/\/vaivundament.ee\/wp-content\/uploads\/2025\/07\/att.o3Wkhbioor_PSSsLqX6llR0LddOuG3EfT-UJD6NuOnA.jpg 1536w\" sizes=\"(max-width: 773px) 100vw, 773px\" \/><\/div><\/div><\/div><\/div><div class=\"flex_column av_three_fifth  av-animated-generic bottom-to-top  flex_column_div av-zero-column-padding   avia-builder-el-13  el_after_av_two_fifth  avia-builder-el-last  \" style='border-radius:0px; '><div  class='avia-image-container  av-styling-    avia-builder-el-14  avia-builder-el-no-sibling  avia-align-center '  itemprop=\"image\" itemscope=\"itemscope\" itemtype=\"https:\/\/schema.org\/ImageObject\"  ><div class='avia-image-container-inner'><div class='avia-image-overlay-wrap'><img decoding=\"async\" class='wp-image-6082 avia-img-lazy-loading-not-6082 avia_image' src=\"https:\/\/vaivundament.ee\/wp-content\/uploads\/2021\/01\/IMG_2572-1030x773.jpg\" alt='' title='IMG_2572' height=\"773\" width=\"1030\"  itemprop=\"thumbnailUrl\" srcset=\"https:\/\/vaivundament.ee\/wp-content\/uploads\/2021\/01\/IMG_2572-1030x773.jpg 1030w, https:\/\/vaivundament.ee\/wp-content\/uploads\/2021\/01\/IMG_2572-600x450.jpg 600w, https:\/\/vaivundament.ee\/wp-content\/uploads\/2021\/01\/IMG_2572-300x225.jpg 300w, https:\/\/vaivundament.ee\/wp-content\/uploads\/2021\/01\/IMG_2572-768x576.jpg 768w, https:\/\/vaivundament.ee\/wp-content\/uploads\/2021\/01\/IMG_2572-1536x1152.jpg 1536w, https:\/\/vaivundament.ee\/wp-content\/uploads\/2021\/01\/IMG_2572-2048x1536.jpg 2048w, https:\/\/vaivundament.ee\/wp-content\/uploads\/2021\/01\/IMG_2572-1500x1125.jpg 1500w, https:\/\/vaivundament.ee\/wp-content\/uploads\/2021\/01\/IMG_2572-705x529.jpg 705w, https:\/\/vaivundament.ee\/wp-content\/uploads\/2021\/01\/IMG_2572.jpg 1600w\" sizes=\"(max-width: 1030px) 100vw, 1030px\" \/><\/div><\/div><\/div><\/div>\n","protected":false},"excerpt":{"rendered":"","protected":false},"author":1,"featured_media":0,"parent":0,"menu_order":0,"comment_status":"closed","ping_status":"closed","template":"","meta":{"footnotes":""},"class_list":["post-6274","page","type-page","status-publish","hentry"],"yoast_head":"<!-- This site is optimized with the Yoast SEO plugin v27.1.1 - https:\/\/yoast.com\/product\/yoast-seo-wordpress\/ -->\n<title>Teenused - Vaivundament<\/title>\n<meta name=\"robots\" content=\"index, follow, max-snippet:-1, max-image-preview:large, max-video-preview:-1\" \/>\n<link rel=\"canonical\" href=\"https:\/\/vaivundament.ee\/en\/teenused\/\" \/>\n<meta property=\"og:locale\" content=\"en_US\" \/>\n<meta property=\"og:type\" content=\"article\" \/>\n<meta property=\"og:title\" content=\"Teenused - Vaivundament\" \/>\n<meta property=\"og:url\" content=\"https:\/\/vaivundament.ee\/en\/teenused\/\" \/>\n<meta property=\"og:site_name\" content=\"Vaivundament\" \/>\n<meta property=\"article:modified_time\" content=\"2025-07-22T07:05:47+00:00\" \/>\n<meta name=\"twitter:card\" content=\"summary_large_image\" \/>\n<meta name=\"twitter:label1\" content=\"Est. reading time\" \/>\n\t<meta name=\"twitter:data1\" content=\"2 minutes\" \/>\n<script type=\"application\/ld+json\" class=\"yoast-schema-graph\">{\"@context\":\"https:\/\/schema.org\",\"@graph\":[{\"@type\":\"WebPage\",\"@id\":\"https:\/\/vaivundament.ee\/en\/teenused\/\",\"url\":\"https:\/\/vaivundament.ee\/en\/teenused\/\",\"name\":\"Teenused - Vaivundament\",\"isPartOf\":{\"@id\":\"https:\/\/vaivundament.ee\/#website\"},\"datePublished\":\"2020-11-26T04:31:03+00:00\",\"dateModified\":\"2025-07-22T07:05:47+00:00\",\"breadcrumb\":{\"@id\":\"https:\/\/vaivundament.ee\/en\/teenused\/#breadcrumb\"},\"inLanguage\":\"en-US\",\"potentialAction\":[{\"@type\":\"ReadAction\",\"target\":[\"https:\/\/vaivundament.ee\/en\/teenused\/\"]}]},{\"@type\":\"BreadcrumbList\",\"@id\":\"https:\/\/vaivundament.ee\/en\/teenused\/#breadcrumb\",\"itemListElement\":[{\"@type\":\"ListItem\",\"position\":1,\"name\":\"Home\",\"item\":\"https:\/\/vaivundament.ee\/vaivundament-ou\/\"},{\"@type\":\"ListItem\",\"position\":2,\"name\":\"Teenused\"}]},{\"@type\":\"WebSite\",\"@id\":\"https:\/\/vaivundament.ee\/#website\",\"url\":\"https:\/\/vaivundament.ee\/\",\"name\":\"Vaivundament\",\"description\":\"Eesti juhtiv terasvaiade tootmise ja s\u00fcvistamisega tegelev ettev\u00f5te. Kogemused aastast 2001.\",\"publisher\":{\"@id\":\"https:\/\/vaivundament.ee\/#organization\"},\"potentialAction\":[{\"@type\":\"SearchAction\",\"target\":{\"@type\":\"EntryPoint\",\"urlTemplate\":\"https:\/\/vaivundament.ee\/?s={search_term_string}\"},\"query-input\":{\"@type\":\"PropertyValueSpecification\",\"valueRequired\":true,\"valueName\":\"search_term_string\"}}],\"inLanguage\":\"en-US\"},{\"@type\":\"Organization\",\"@id\":\"https:\/\/vaivundament.ee\/#organization\",\"name\":\"Vaivundament\",\"url\":\"https:\/\/vaivundament.ee\/\",\"logo\":{\"@type\":\"ImageObject\",\"inLanguage\":\"en-US\",\"@id\":\"https:\/\/vaivundament.ee\/#\/schema\/logo\/image\/\",\"url\":\"https:\/\/vaivundament.ee\/wp-content\/uploads\/2023\/03\/logo-color_1.png\",\"contentUrl\":\"https:\/\/vaivundament.ee\/wp-content\/uploads\/2023\/03\/logo-color_1.png\",\"width\":480,\"height\":360,\"caption\":\"Vaivundament\"},\"image\":{\"@id\":\"https:\/\/vaivundament.ee\/#\/schema\/logo\/image\/\"}}]}<\/script>\n<!-- \/ Yoast SEO plugin. -->","yoast_head_json":{"title":"Teenused - Vaivundament","robots":{"index":"index","follow":"follow","max-snippet":"max-snippet:-1","max-image-preview":"max-image-preview:large","max-video-preview":"max-video-preview:-1"},"canonical":"https:\/\/vaivundament.ee\/en\/teenused\/","og_locale":"en_US","og_type":"article","og_title":"Teenused - Vaivundament","og_url":"https:\/\/vaivundament.ee\/en\/teenused\/","og_site_name":"Vaivundament","article_modified_time":"2025-07-22T07:05:47+00:00","twitter_card":"summary_large_image","twitter_misc":{"Est. reading time":"2 minutes"},"schema":{"@context":"https:\/\/schema.org","@graph":[{"@type":"WebPage","@id":"https:\/\/vaivundament.ee\/en\/teenused\/","url":"https:\/\/vaivundament.ee\/en\/teenused\/","name":"Teenused - Vaivundament","isPartOf":{"@id":"https:\/\/vaivundament.ee\/#website"},"datePublished":"2020-11-26T04:31:03+00:00","dateModified":"2025-07-22T07:05:47+00:00","breadcrumb":{"@id":"https:\/\/vaivundament.ee\/en\/teenused\/#breadcrumb"},"inLanguage":"en-US","potentialAction":[{"@type":"ReadAction","target":["https:\/\/vaivundament.ee\/en\/teenused\/"]}]},{"@type":"BreadcrumbList","@id":"https:\/\/vaivundament.ee\/en\/teenused\/#breadcrumb","itemListElement":[{"@type":"ListItem","position":1,"name":"Home","item":"https:\/\/vaivundament.ee\/vaivundament-ou\/"},{"@type":"ListItem","position":2,"name":"Teenused"}]},{"@type":"WebSite","@id":"https:\/\/vaivundament.ee\/#website","url":"https:\/\/vaivundament.ee\/","name":"Vaivundament","description":"Eesti juhtiv terasvaiade tootmise ja s\u00fcvistamisega tegelev ettev\u00f5te. Kogemused aastast 2001.","publisher":{"@id":"https:\/\/vaivundament.ee\/#organization"},"potentialAction":[{"@type":"SearchAction","target":{"@type":"EntryPoint","urlTemplate":"https:\/\/vaivundament.ee\/?s={search_term_string}"},"query-input":{"@type":"PropertyValueSpecification","valueRequired":true,"valueName":"search_term_string"}}],"inLanguage":"en-US"},{"@type":"Organization","@id":"https:\/\/vaivundament.ee\/#organization","name":"Vaivundament","url":"https:\/\/vaivundament.ee\/","logo":{"@type":"ImageObject","inLanguage":"en-US","@id":"https:\/\/vaivundament.ee\/#\/schema\/logo\/image\/","url":"https:\/\/vaivundament.ee\/wp-content\/uploads\/2023\/03\/logo-color_1.png","contentUrl":"https:\/\/vaivundament.ee\/wp-content\/uploads\/2023\/03\/logo-color_1.png","width":480,"height":360,"caption":"Vaivundament"},"image":{"@id":"https:\/\/vaivundament.ee\/#\/schema\/logo\/image\/"}}]}},"_links":{"self":[{"href":"https:\/\/vaivundament.ee\/en\/wp-json\/wp\/v2\/pages\/6274","targetHints":{"allow":["GET"]}}],"collection":[{"href":"https:\/\/vaivundament.ee\/en\/wp-json\/wp\/v2\/pages"}],"about":[{"href":"https:\/\/vaivundament.ee\/en\/wp-json\/wp\/v2\/types\/page"}],"author":[{"embeddable":true,"href":"https:\/\/vaivundament.ee\/en\/wp-json\/wp\/v2\/users\/1"}],"replies":[{"embeddable":true,"href":"https:\/\/vaivundament.ee\/en\/wp-json\/wp\/v2\/comments?post=6274"}],"version-history":[{"count":6,"href":"https:\/\/vaivundament.ee\/en\/wp-json\/wp\/v2\/pages\/6274\/revisions"}],"predecessor-version":[{"id":6565,"href":"https:\/\/vaivundament.ee\/en\/wp-json\/wp\/v2\/pages\/6274\/revisions\/6565"}],"wp:attachment":[{"href":"https:\/\/vaivundament.ee\/en\/wp-json\/wp\/v2\/media?parent=6274"}],"curies":[{"name":"wp","href":"https:\/\/api.w.org\/{rel}","templated":true}]}}