{"id":6194,"date":"2020-11-26T06:13:33","date_gmt":"2020-11-26T04:13:33","guid":{"rendered":"https:\/\/vaivundament.ee\/kerged-taitebetooniga-terasvaiad\/"},"modified":"2020-11-26T06:13:33","modified_gmt":"2020-11-26T04:13:33","slug":"kerged-taitebetooniga-terasvaiad","status":"publish","type":"page","link":"https:\/\/vaivundament.ee\/en\/kerged-taitebetooniga-terasvaiad\/","title":{"rendered":"Kerged t\u00e4itebetooniga terasvaiad"},"content":{"rendered":"<div id='av-layout-grid-1'  class='av-layout-grid-container entry-content-wrapper main_color av-fixed-cells     avia-builder-el-0  el_before_av_section  avia-builder-el-first  container_wrap fullsize' style=' '  >\n<div class=\"flex_cell no_margin av_one_fourth  avia-builder-el-1  el_before_av_cell_one_fourth  avia-builder-el-first   \"  style='background: #2073b2; vertical-align:top; padding:9px 0px 0px 0px ; background-color:#2073b2; ' ><div class='flex_cell_inner' ><\/div><\/div><div class=\"flex_cell no_margin av_one_fourth  avia-builder-el-2  el_after_av_cell_one_fourth  el_before_av_cell_one_fourth   \"  style='vertical-align:top; padding:9px 0px 0px 0px ; background-color:#2388c2; ' ><div class='flex_cell_inner' ><\/div><\/div><div class=\"flex_cell no_margin av_one_fourth  avia-builder-el-3  el_after_av_cell_one_fourth  el_before_av_cell_one_fourth   \"  style='background: #379cd6; vertical-align:top; padding:9px 0px 0px 0px ; background-color:#379cd6; ' ><div class='flex_cell_inner' ><\/div><\/div><div class=\"flex_cell no_margin av_one_fourth  avia-builder-el-4  el_after_av_cell_one_fourth  avia-builder-el-last   \"  style='vertical-align:top; padding:9px 0px 0px 0px ; background-color:#5fb4e4; ' ><div class='flex_cell_inner' ><\/div><\/div>\n<\/div>\n<div id='av_section_1'  class='avia-section main_color avia-section-default avia-no-border-styling  avia-bg-style-scroll  avia-builder-el-5  el_after_av_layout_row  avia-builder-el-last   container_wrap fullsize' style=' '  ><div class='container' ><div class='template-page content  av-content-full alpha units'><div class='post-entry post-entry-type-page post-entry-6194'><div class='entry-content-wrapper clearfix'>\n<div class=\"flex_column av_three_fifth  av-animated-generic bottom-to-top  flex_column_div av-zero-column-padding first  avia-builder-el-6  el_before_av_two_fifth  avia-builder-el-first  \" style='border-radius:0px; '><p><div  style='padding-bottom:20px; ' class='av-special-heading av-special-heading-h1  blockquote modern-quote  avia-builder-el-7  el_before_av_textblock  avia-builder-el-first  '><h1 class='av-special-heading-tag '  itemprop=\"headline\"  >Kerged t\u00e4itebetooniga terasvaiad<\/h1><div class='special-heading-border'><div class='special-heading-inner-border' ><\/div><\/div><\/div><br \/>\n<section class=\"av_textblock_section \"  itemscope=\"itemscope\" itemtype=\"https:\/\/schema.org\/CreativeWork\" ><div class='avia_textblock  '   itemprop=\"text\" ><p>S\u00fcvistame t\u00e4itebetooniga terasvaiu l\u00e4bim\u00f5\u00f5duga 100-160 mm pikkusega vastavalt kandva pinnasekihi lasuvuss\u00fcgavusele.<\/p>\n<p>Vaiade terasosa seinapaksus ja t\u00e4itebetooni tugevusklass valitakse igakordselt l\u00e4htuvalt nendele m\u00f5juvast koormusest.<\/p>\n<p>T\u00e4itebetooniga terasvaiade puhul erinevalt teistest kohtvaiadest j\u00e4etakse terasest manteltoru peale selle s\u00fcvistamist pinnasesse. Sellise meetodi tulemusena on tagatud betooni kivinemine tingimustes, mis v\u00e4listavad pinnase v\u00f5i pinnasevee poolt m\u00f5juvad ettearvamatud tegurid.<\/p>\n<p>Vaiade konstruktiivne kandev\u00f5ime arvutatakse komposiitkonstruktsioonina arvestades nii terasest manteltoru kui ka t\u00e4itebetooni tugevust.<\/p>\n<p>Vaiade geotehniline kandev\u00f5ime m\u00e4\u00e4ratakse kasutades manteltoru s\u00fcvistamisel usaldusv\u00e4\u00e4rset aastak\u00fcmneid kasutatud l\u00f6\u00f6givaste m\u00f5\u00f5tmise meetodit. Kaljupinnaste puhul on m\u00e4\u00e4ravaks vaiade konstruktiivne kandev\u00f5ime.<\/p>\n<\/div><\/section><\/p><\/div><div class=\"flex_column av_two_fifth  av-animated-generic bottom-to-top  flex_column_div av-zero-column-padding   avia-builder-el-9  el_after_av_three_fifth  avia-builder-el-last  \" style='border-radius:0px; '><div  class='avia-image-container  av-styling-    avia-builder-el-10  avia-builder-el-no-sibling  avia-align-center '  itemprop=\"image\" itemscope=\"itemscope\" itemtype=\"https:\/\/schema.org\/ImageObject\"  ><div class='avia-image-container-inner'><div class='avia-image-overlay-wrap'><a href='https:\/\/vaivundament.ee\/wp-content\/uploads\/2020\/11\/Kerged-taitebetooniga-terasvaiad-1030x773.jpg' class='avia_image'  ><img decoding=\"async\" width=\"1030\" height=\"773\" class='wp-image-6060 avia-img-lazy-loading-not-6060 avia_image' src=\"https:\/\/vaivundament.ee\/wp-content\/uploads\/2020\/11\/Kerged-taitebetooniga-terasvaiad-1030x773.jpg\" alt='' title='Kerged t\u00e4itebetooniga terasvaiad'  itemprop=\"thumbnailUrl\" srcset=\"https:\/\/vaivundament.ee\/wp-content\/uploads\/2020\/11\/Kerged-taitebetooniga-terasvaiad-1030x773.jpg 1030w, https:\/\/vaivundament.ee\/wp-content\/uploads\/2020\/11\/Kerged-taitebetooniga-terasvaiad-600x450.jpg 600w, https:\/\/vaivundament.ee\/wp-content\/uploads\/2020\/11\/Kerged-taitebetooniga-terasvaiad-300x225.jpg 300w, https:\/\/vaivundament.ee\/wp-content\/uploads\/2020\/11\/Kerged-taitebetooniga-terasvaiad-768x576.jpg 768w, https:\/\/vaivundament.ee\/wp-content\/uploads\/2020\/11\/Kerged-taitebetooniga-terasvaiad-705x529.jpg 705w, https:\/\/vaivundament.ee\/wp-content\/uploads\/2020\/11\/Kerged-taitebetooniga-terasvaiad.jpg 1200w\" sizes=\"(max-width: 1030px) 100vw, 1030px\" \/><\/a><\/div><\/div><\/div><\/div>\n","protected":false},"excerpt":{"rendered":"","protected":false},"author":1,"featured_media":0,"parent":0,"menu_order":0,"comment_status":"closed","ping_status":"closed","template":"","meta":{"footnotes":""},"class_list":["post-6194","page","type-page","status-publish","hentry"],"yoast_head":"<!-- This site is optimized with the Yoast SEO plugin v27.1.1 - https:\/\/yoast.com\/product\/yoast-seo-wordpress\/ -->\n<title>Kerged t\u00e4itebetooniga terasvaiad - Vaivundament<\/title>\n<meta name=\"robots\" content=\"index, follow, max-snippet:-1, max-image-preview:large, max-video-preview:-1\" \/>\n<link rel=\"canonical\" href=\"https:\/\/vaivundament.ee\/en\/kerged-taitebetooniga-terasvaiad\/\" \/>\n<meta property=\"og:locale\" content=\"en_US\" \/>\n<meta property=\"og:type\" content=\"article\" \/>\n<meta property=\"og:title\" content=\"Kerged t\u00e4itebetooniga terasvaiad - Vaivundament\" \/>\n<meta property=\"og:url\" content=\"https:\/\/vaivundament.ee\/en\/kerged-taitebetooniga-terasvaiad\/\" \/>\n<meta property=\"og:site_name\" content=\"Vaivundament\" \/>\n<meta name=\"twitter:card\" content=\"summary_large_image\" \/>\n<meta name=\"twitter:label1\" content=\"Est. reading time\" \/>\n\t<meta name=\"twitter:data1\" content=\"4 minutes\" \/>\n<script type=\"application\/ld+json\" class=\"yoast-schema-graph\">{\"@context\":\"https:\/\/schema.org\",\"@graph\":[{\"@type\":\"WebPage\",\"@id\":\"https:\/\/vaivundament.ee\/en\/kerged-taitebetooniga-terasvaiad\/\",\"url\":\"https:\/\/vaivundament.ee\/en\/kerged-taitebetooniga-terasvaiad\/\",\"name\":\"Kerged t\u00e4itebetooniga terasvaiad - Vaivundament\",\"isPartOf\":{\"@id\":\"https:\/\/vaivundament.ee\/#website\"},\"datePublished\":\"2020-11-26T04:13:33+00:00\",\"breadcrumb\":{\"@id\":\"https:\/\/vaivundament.ee\/en\/kerged-taitebetooniga-terasvaiad\/#breadcrumb\"},\"inLanguage\":\"en-US\",\"potentialAction\":[{\"@type\":\"ReadAction\",\"target\":[\"https:\/\/vaivundament.ee\/en\/kerged-taitebetooniga-terasvaiad\/\"]}]},{\"@type\":\"BreadcrumbList\",\"@id\":\"https:\/\/vaivundament.ee\/en\/kerged-taitebetooniga-terasvaiad\/#breadcrumb\",\"itemListElement\":[{\"@type\":\"ListItem\",\"position\":1,\"name\":\"Home\",\"item\":\"https:\/\/vaivundament.ee\/vaivundament-ou\/\"},{\"@type\":\"ListItem\",\"position\":2,\"name\":\"Kerged t\u00e4itebetooniga terasvaiad\"}]},{\"@type\":\"WebSite\",\"@id\":\"https:\/\/vaivundament.ee\/#website\",\"url\":\"https:\/\/vaivundament.ee\/\",\"name\":\"Vaivundament\",\"description\":\"Eesti juhtiv terasvaiade tootmise ja s\u00fcvistamisega tegelev ettev\u00f5te. Kogemused aastast 2001.\",\"publisher\":{\"@id\":\"https:\/\/vaivundament.ee\/#organization\"},\"potentialAction\":[{\"@type\":\"SearchAction\",\"target\":{\"@type\":\"EntryPoint\",\"urlTemplate\":\"https:\/\/vaivundament.ee\/?s={search_term_string}\"},\"query-input\":{\"@type\":\"PropertyValueSpecification\",\"valueRequired\":true,\"valueName\":\"search_term_string\"}}],\"inLanguage\":\"en-US\"},{\"@type\":\"Organization\",\"@id\":\"https:\/\/vaivundament.ee\/#organization\",\"name\":\"Vaivundament\",\"url\":\"https:\/\/vaivundament.ee\/\",\"logo\":{\"@type\":\"ImageObject\",\"inLanguage\":\"en-US\",\"@id\":\"https:\/\/vaivundament.ee\/#\/schema\/logo\/image\/\",\"url\":\"https:\/\/vaivundament.ee\/wp-content\/uploads\/2023\/03\/logo-color_1.png\",\"contentUrl\":\"https:\/\/vaivundament.ee\/wp-content\/uploads\/2023\/03\/logo-color_1.png\",\"width\":480,\"height\":360,\"caption\":\"Vaivundament\"},\"image\":{\"@id\":\"https:\/\/vaivundament.ee\/#\/schema\/logo\/image\/\"}}]}<\/script>\n<!-- \/ Yoast SEO plugin. -->","yoast_head_json":{"title":"Kerged t\u00e4itebetooniga terasvaiad - Vaivundament","robots":{"index":"index","follow":"follow","max-snippet":"max-snippet:-1","max-image-preview":"max-image-preview:large","max-video-preview":"max-video-preview:-1"},"canonical":"https:\/\/vaivundament.ee\/en\/kerged-taitebetooniga-terasvaiad\/","og_locale":"en_US","og_type":"article","og_title":"Kerged t\u00e4itebetooniga terasvaiad - Vaivundament","og_url":"https:\/\/vaivundament.ee\/en\/kerged-taitebetooniga-terasvaiad\/","og_site_name":"Vaivundament","twitter_card":"summary_large_image","twitter_misc":{"Est. reading time":"4 minutes"},"schema":{"@context":"https:\/\/schema.org","@graph":[{"@type":"WebPage","@id":"https:\/\/vaivundament.ee\/en\/kerged-taitebetooniga-terasvaiad\/","url":"https:\/\/vaivundament.ee\/en\/kerged-taitebetooniga-terasvaiad\/","name":"Kerged t\u00e4itebetooniga terasvaiad - Vaivundament","isPartOf":{"@id":"https:\/\/vaivundament.ee\/#website"},"datePublished":"2020-11-26T04:13:33+00:00","breadcrumb":{"@id":"https:\/\/vaivundament.ee\/en\/kerged-taitebetooniga-terasvaiad\/#breadcrumb"},"inLanguage":"en-US","potentialAction":[{"@type":"ReadAction","target":["https:\/\/vaivundament.ee\/en\/kerged-taitebetooniga-terasvaiad\/"]}]},{"@type":"BreadcrumbList","@id":"https:\/\/vaivundament.ee\/en\/kerged-taitebetooniga-terasvaiad\/#breadcrumb","itemListElement":[{"@type":"ListItem","position":1,"name":"Home","item":"https:\/\/vaivundament.ee\/vaivundament-ou\/"},{"@type":"ListItem","position":2,"name":"Kerged t\u00e4itebetooniga terasvaiad"}]},{"@type":"WebSite","@id":"https:\/\/vaivundament.ee\/#website","url":"https:\/\/vaivundament.ee\/","name":"Vaivundament","description":"Eesti juhtiv terasvaiade tootmise ja s\u00fcvistamisega tegelev ettev\u00f5te. Kogemused aastast 2001.","publisher":{"@id":"https:\/\/vaivundament.ee\/#organization"},"potentialAction":[{"@type":"SearchAction","target":{"@type":"EntryPoint","urlTemplate":"https:\/\/vaivundament.ee\/?s={search_term_string}"},"query-input":{"@type":"PropertyValueSpecification","valueRequired":true,"valueName":"search_term_string"}}],"inLanguage":"en-US"},{"@type":"Organization","@id":"https:\/\/vaivundament.ee\/#organization","name":"Vaivundament","url":"https:\/\/vaivundament.ee\/","logo":{"@type":"ImageObject","inLanguage":"en-US","@id":"https:\/\/vaivundament.ee\/#\/schema\/logo\/image\/","url":"https:\/\/vaivundament.ee\/wp-content\/uploads\/2023\/03\/logo-color_1.png","contentUrl":"https:\/\/vaivundament.ee\/wp-content\/uploads\/2023\/03\/logo-color_1.png","width":480,"height":360,"caption":"Vaivundament"},"image":{"@id":"https:\/\/vaivundament.ee\/#\/schema\/logo\/image\/"}}]}},"_links":{"self":[{"href":"https:\/\/vaivundament.ee\/en\/wp-json\/wp\/v2\/pages\/6194","targetHints":{"allow":["GET"]}}],"collection":[{"href":"https:\/\/vaivundament.ee\/en\/wp-json\/wp\/v2\/pages"}],"about":[{"href":"https:\/\/vaivundament.ee\/en\/wp-json\/wp\/v2\/types\/page"}],"author":[{"embeddable":true,"href":"https:\/\/vaivundament.ee\/en\/wp-json\/wp\/v2\/users\/1"}],"replies":[{"embeddable":true,"href":"https:\/\/vaivundament.ee\/en\/wp-json\/wp\/v2\/comments?post=6194"}],"version-history":[{"count":1,"href":"https:\/\/vaivundament.ee\/en\/wp-json\/wp\/v2\/pages\/6194\/revisions"}],"predecessor-version":[{"id":6196,"href":"https:\/\/vaivundament.ee\/en\/wp-json\/wp\/v2\/pages\/6194\/revisions\/6196"}],"wp:attachment":[{"href":"https:\/\/vaivundament.ee\/en\/wp-json\/wp\/v2\/media?parent=6194"}],"curies":[{"name":"wp","href":"https:\/\/api.w.org\/{rel}","templated":true}]}}