{"id":6186,"date":"2020-11-26T06:30:35","date_gmt":"2020-11-26T04:30:35","guid":{"rendered":"https:\/\/vaivundament.ee\/kasutatav-tehnika\/"},"modified":"2020-11-26T06:30:35","modified_gmt":"2020-11-26T04:30:35","slug":"kasutatav-tehnika","status":"publish","type":"page","link":"https:\/\/vaivundament.ee\/en\/kasutatav-tehnika\/","title":{"rendered":"Kasutatav tehnika"},"content":{"rendered":"<div id='av-layout-grid-1'  class='av-layout-grid-container entry-content-wrapper main_color av-fixed-cells     avia-builder-el-0  el_before_av_section  avia-builder-el-first  container_wrap fullsize' style=' '  >\n<div class=\"flex_cell no_margin av_one_fourth  avia-builder-el-1  el_before_av_cell_one_fourth  avia-builder-el-first   \"  style='background: #2073b2; vertical-align:top; padding:9px 0px 0px 0px ; background-color:#2073b2; ' ><div class='flex_cell_inner' ><\/div><\/div><div class=\"flex_cell no_margin av_one_fourth  avia-builder-el-2  el_after_av_cell_one_fourth  el_before_av_cell_one_fourth   \"  style='vertical-align:top; padding:9px 0px 0px 0px ; background-color:#2388c2; ' ><div class='flex_cell_inner' ><\/div><\/div><div class=\"flex_cell no_margin av_one_fourth  avia-builder-el-3  el_after_av_cell_one_fourth  el_before_av_cell_one_fourth   \"  style='background: #379cd6; vertical-align:top; padding:9px 0px 0px 0px ; background-color:#379cd6; ' ><div class='flex_cell_inner' ><\/div><\/div><div class=\"flex_cell no_margin av_one_fourth  avia-builder-el-4  el_after_av_cell_one_fourth  avia-builder-el-last   \"  style='vertical-align:top; padding:9px 0px 0px 0px ; background-color:#5fb4e4; ' ><div class='flex_cell_inner' ><\/div><\/div>\n<\/div>\n<div id='av_section_1'  class='avia-section main_color avia-section-default avia-no-border-styling  avia-bg-style-scroll  avia-builder-el-5  el_after_av_layout_row  avia-builder-el-last   container_wrap fullsize' style=' '  ><div class='container' ><div class='template-page content  av-content-full alpha units'><div class='post-entry post-entry-type-page post-entry-6186'><div class='entry-content-wrapper clearfix'>\n<div class=\"flex_column av_three_fifth  av-animated-generic bottom-to-top  flex_column_div av-zero-column-padding first  avia-builder-el-6  el_before_av_two_fifth  avia-builder-el-first  \" style='border-radius:0px; '><p><div  style='padding-bottom:20px; ' class='av-special-heading av-special-heading-h2  blockquote modern-quote  avia-builder-el-7  el_before_av_textblock  avia-builder-el-first  '><h2 class='av-special-heading-tag '  itemprop=\"headline\"  >Kasutatav tehnika<\/h2><div class='special-heading-border'><div class='special-heading-inner-border' ><\/div><\/div><\/div><br \/>\n<section class=\"av_textblock_section \"  itemscope=\"itemscope\" itemtype=\"https:\/\/schema.org\/CreativeWork\" ><div class='avia_textblock  '   itemprop=\"text\" ><ul>\n<li>Ekskavaator Bobcat E26.<\/li>\n<li>Ekskavaator JCB JS130LC.<\/li>\n<li>Kopp-Laadur JCB 4CX.<\/li>\n<li>Mobiilne betoonipump Putzmeister SP11 THF.<\/li>\n<li>Diiselrammid l\u00f6\u00f6gienergiaga kuni 9800 J.<\/li>\n<li>H\u00fcdrorammid ja -vasarad l\u00f6\u00f6gienergiaga kuni 4800 J.<\/li>\n<li>Kruvivaiade p\u00f6\u00f6rdmehhanismid.<\/li>\n<\/ul>\n<\/div><\/section><\/p><\/div><div class=\"flex_column av_two_fifth  av-animated-generic bottom-to-top  flex_column_div av-zero-column-padding   avia-builder-el-9  el_after_av_three_fifth  avia-builder-el-last  \" style='border-radius:0px; '><div  class='avia-image-container  av-styling-    avia-builder-el-10  avia-builder-el-no-sibling  avia-align-center '  itemprop=\"image\" itemscope=\"itemscope\" itemtype=\"https:\/\/schema.org\/ImageObject\"  ><div class='avia-image-container-inner'><div class='avia-image-overlay-wrap'><img decoding=\"async\" class='wp-image-6068 avia-img-lazy-loading-not-6068 avia_image' src=\"https:\/\/vaivundament.ee\/wp-content\/uploads\/2020\/11\/Kasutatav-tehnika-1030x773.jpg\" alt='' title='Kasutatav tehnika' height=\"773\" width=\"1030\"  itemprop=\"thumbnailUrl\" srcset=\"https:\/\/vaivundament.ee\/wp-content\/uploads\/2020\/11\/Kasutatav-tehnika-1030x773.jpg 1030w, https:\/\/vaivundament.ee\/wp-content\/uploads\/2020\/11\/Kasutatav-tehnika-600x450.jpg 600w, https:\/\/vaivundament.ee\/wp-content\/uploads\/2020\/11\/Kasutatav-tehnika-300x225.jpg 300w, https:\/\/vaivundament.ee\/wp-content\/uploads\/2020\/11\/Kasutatav-tehnika-768x576.jpg 768w, https:\/\/vaivundament.ee\/wp-content\/uploads\/2020\/11\/Kasutatav-tehnika-705x529.jpg 705w, https:\/\/vaivundament.ee\/wp-content\/uploads\/2020\/11\/Kasutatav-tehnika.jpg 1200w\" sizes=\"(max-width: 1030px) 100vw, 1030px\" \/><\/div><\/div><\/div><\/div>\n","protected":false},"excerpt":{"rendered":"","protected":false},"author":1,"featured_media":0,"parent":0,"menu_order":0,"comment_status":"closed","ping_status":"closed","template":"","meta":{"footnotes":""},"class_list":["post-6186","page","type-page","status-publish","hentry"],"yoast_head":"<!-- This site is optimized with the Yoast SEO plugin v27.1.1 - https:\/\/yoast.com\/product\/yoast-seo-wordpress\/ -->\n<title>Kasutatav tehnika - Vaivundament<\/title>\n<meta name=\"robots\" content=\"index, follow, max-snippet:-1, max-image-preview:large, max-video-preview:-1\" \/>\n<link rel=\"canonical\" href=\"https:\/\/vaivundament.ee\/en\/kasutatav-tehnika\/\" \/>\n<meta property=\"og:locale\" content=\"en_US\" \/>\n<meta property=\"og:type\" content=\"article\" \/>\n<meta property=\"og:title\" content=\"Kasutatav tehnika - Vaivundament\" \/>\n<meta property=\"og:url\" content=\"https:\/\/vaivundament.ee\/en\/kasutatav-tehnika\/\" \/>\n<meta property=\"og:site_name\" content=\"Vaivundament\" \/>\n<meta name=\"twitter:card\" content=\"summary_large_image\" \/>\n<meta name=\"twitter:label1\" content=\"Est. reading time\" \/>\n\t<meta name=\"twitter:data1\" content=\"4 minutes\" \/>\n<script type=\"application\/ld+json\" class=\"yoast-schema-graph\">{\"@context\":\"https:\/\/schema.org\",\"@graph\":[{\"@type\":\"WebPage\",\"@id\":\"https:\/\/vaivundament.ee\/en\/kasutatav-tehnika\/\",\"url\":\"https:\/\/vaivundament.ee\/en\/kasutatav-tehnika\/\",\"name\":\"Kasutatav tehnika - Vaivundament\",\"isPartOf\":{\"@id\":\"https:\/\/vaivundament.ee\/#website\"},\"datePublished\":\"2020-11-26T04:30:35+00:00\",\"breadcrumb\":{\"@id\":\"https:\/\/vaivundament.ee\/en\/kasutatav-tehnika\/#breadcrumb\"},\"inLanguage\":\"en-US\",\"potentialAction\":[{\"@type\":\"ReadAction\",\"target\":[\"https:\/\/vaivundament.ee\/en\/kasutatav-tehnika\/\"]}]},{\"@type\":\"BreadcrumbList\",\"@id\":\"https:\/\/vaivundament.ee\/en\/kasutatav-tehnika\/#breadcrumb\",\"itemListElement\":[{\"@type\":\"ListItem\",\"position\":1,\"name\":\"Home\",\"item\":\"https:\/\/vaivundament.ee\/vaivundament-ou\/\"},{\"@type\":\"ListItem\",\"position\":2,\"name\":\"Kasutatav tehnika\"}]},{\"@type\":\"WebSite\",\"@id\":\"https:\/\/vaivundament.ee\/#website\",\"url\":\"https:\/\/vaivundament.ee\/\",\"name\":\"Vaivundament\",\"description\":\"Eesti juhtiv terasvaiade tootmise ja s\u00fcvistamisega tegelev ettev\u00f5te. Kogemused aastast 2001.\",\"publisher\":{\"@id\":\"https:\/\/vaivundament.ee\/#organization\"},\"potentialAction\":[{\"@type\":\"SearchAction\",\"target\":{\"@type\":\"EntryPoint\",\"urlTemplate\":\"https:\/\/vaivundament.ee\/?s={search_term_string}\"},\"query-input\":{\"@type\":\"PropertyValueSpecification\",\"valueRequired\":true,\"valueName\":\"search_term_string\"}}],\"inLanguage\":\"en-US\"},{\"@type\":\"Organization\",\"@id\":\"https:\/\/vaivundament.ee\/#organization\",\"name\":\"Vaivundament\",\"url\":\"https:\/\/vaivundament.ee\/\",\"logo\":{\"@type\":\"ImageObject\",\"inLanguage\":\"en-US\",\"@id\":\"https:\/\/vaivundament.ee\/#\/schema\/logo\/image\/\",\"url\":\"https:\/\/vaivundament.ee\/wp-content\/uploads\/2023\/03\/logo-color_1.png\",\"contentUrl\":\"https:\/\/vaivundament.ee\/wp-content\/uploads\/2023\/03\/logo-color_1.png\",\"width\":480,\"height\":360,\"caption\":\"Vaivundament\"},\"image\":{\"@id\":\"https:\/\/vaivundament.ee\/#\/schema\/logo\/image\/\"}}]}<\/script>\n<!-- \/ Yoast SEO plugin. -->","yoast_head_json":{"title":"Kasutatav tehnika - Vaivundament","robots":{"index":"index","follow":"follow","max-snippet":"max-snippet:-1","max-image-preview":"max-image-preview:large","max-video-preview":"max-video-preview:-1"},"canonical":"https:\/\/vaivundament.ee\/en\/kasutatav-tehnika\/","og_locale":"en_US","og_type":"article","og_title":"Kasutatav tehnika - Vaivundament","og_url":"https:\/\/vaivundament.ee\/en\/kasutatav-tehnika\/","og_site_name":"Vaivundament","twitter_card":"summary_large_image","twitter_misc":{"Est. reading time":"4 minutes"},"schema":{"@context":"https:\/\/schema.org","@graph":[{"@type":"WebPage","@id":"https:\/\/vaivundament.ee\/en\/kasutatav-tehnika\/","url":"https:\/\/vaivundament.ee\/en\/kasutatav-tehnika\/","name":"Kasutatav tehnika - Vaivundament","isPartOf":{"@id":"https:\/\/vaivundament.ee\/#website"},"datePublished":"2020-11-26T04:30:35+00:00","breadcrumb":{"@id":"https:\/\/vaivundament.ee\/en\/kasutatav-tehnika\/#breadcrumb"},"inLanguage":"en-US","potentialAction":[{"@type":"ReadAction","target":["https:\/\/vaivundament.ee\/en\/kasutatav-tehnika\/"]}]},{"@type":"BreadcrumbList","@id":"https:\/\/vaivundament.ee\/en\/kasutatav-tehnika\/#breadcrumb","itemListElement":[{"@type":"ListItem","position":1,"name":"Home","item":"https:\/\/vaivundament.ee\/vaivundament-ou\/"},{"@type":"ListItem","position":2,"name":"Kasutatav tehnika"}]},{"@type":"WebSite","@id":"https:\/\/vaivundament.ee\/#website","url":"https:\/\/vaivundament.ee\/","name":"Vaivundament","description":"Eesti juhtiv terasvaiade tootmise ja s\u00fcvistamisega tegelev ettev\u00f5te. Kogemused aastast 2001.","publisher":{"@id":"https:\/\/vaivundament.ee\/#organization"},"potentialAction":[{"@type":"SearchAction","target":{"@type":"EntryPoint","urlTemplate":"https:\/\/vaivundament.ee\/?s={search_term_string}"},"query-input":{"@type":"PropertyValueSpecification","valueRequired":true,"valueName":"search_term_string"}}],"inLanguage":"en-US"},{"@type":"Organization","@id":"https:\/\/vaivundament.ee\/#organization","name":"Vaivundament","url":"https:\/\/vaivundament.ee\/","logo":{"@type":"ImageObject","inLanguage":"en-US","@id":"https:\/\/vaivundament.ee\/#\/schema\/logo\/image\/","url":"https:\/\/vaivundament.ee\/wp-content\/uploads\/2023\/03\/logo-color_1.png","contentUrl":"https:\/\/vaivundament.ee\/wp-content\/uploads\/2023\/03\/logo-color_1.png","width":480,"height":360,"caption":"Vaivundament"},"image":{"@id":"https:\/\/vaivundament.ee\/#\/schema\/logo\/image\/"}}]}},"_links":{"self":[{"href":"https:\/\/vaivundament.ee\/en\/wp-json\/wp\/v2\/pages\/6186","targetHints":{"allow":["GET"]}}],"collection":[{"href":"https:\/\/vaivundament.ee\/en\/wp-json\/wp\/v2\/pages"}],"about":[{"href":"https:\/\/vaivundament.ee\/en\/wp-json\/wp\/v2\/types\/page"}],"author":[{"embeddable":true,"href":"https:\/\/vaivundament.ee\/en\/wp-json\/wp\/v2\/users\/1"}],"replies":[{"embeddable":true,"href":"https:\/\/vaivundament.ee\/en\/wp-json\/wp\/v2\/comments?post=6186"}],"version-history":[{"count":1,"href":"https:\/\/vaivundament.ee\/en\/wp-json\/wp\/v2\/pages\/6186\/revisions"}],"predecessor-version":[{"id":6188,"href":"https:\/\/vaivundament.ee\/en\/wp-json\/wp\/v2\/pages\/6186\/revisions\/6188"}],"wp:attachment":[{"href":"https:\/\/vaivundament.ee\/en\/wp-json\/wp\/v2\/media?parent=6186"}],"curies":[{"name":"wp","href":"https:\/\/api.w.org\/{rel}","templated":true}]}}